{"id":2261,"date":"2012-08-17T00:24:25","date_gmt":"2012-08-17T03:24:25","guid":{"rendered":"http:\/\/www.guster.com.br\/?page_id=2261"},"modified":"2023-08-07T17:48:43","modified_gmt":"2023-08-07T20:48:43","slug":"como-comprar-medidor-combustivel-automotivo","status":"publish","type":"page","link":"https:\/\/guster.com.br\/catalogo\/como-comprar-medidor-combustivel-automotivo\/","title":{"rendered":"Como Comprar e Instalar"},"content":{"rendered":"\n<p class=\"first-para\"><strong><u>Atendimento a Consumidor<\/u><\/strong><\/p>\n\n\n\n<p>1) A venda direta dos produtos da Guster para consumidores \u00e9 realizada por meio de:<\/p>\n\n\n\n<ul class=\"wp-block-list\">\n<li> WHATSAPP: (41) 9 9531 9924,\u00a0<strong><a href=\"https:\/\/contate.me\/gustercomercio\" target=\"_blank\" rel=\"noreferrer noopener\">(clique aqui)<\/a><\/strong>\u00a0. \u00a0Pela diversidade de op\u00e7\u00f5es de solu\u00e7\u00f5es para atender sua necessidade, sugerimos utilizar este canal de comunica\u00e7\u00e3o. Ou,<\/li>\n\n\n\n<li>Esta loja virtual acessada pelo endere\u00e7o: <strong><a href=\"https:\/\/www.guster.com.br\/\" target=\"_blank\" rel=\"noreferrer noopener\">www.guster.com.br<\/a>. <\/strong> Nesta loja, podem ser encontrados alguns modelos de instrumentos,  acess\u00f3rios e opcionais que podem ser adquiridos de forma simplificada. Mais informa\u00e7\u00f5es e finaliza\u00e7\u00e3o da compra pode ser feita pelo WHATSAPP : (41) 9 9531 9924,\u00a0<strong><a href=\"https:\/\/contate.me\/gustercomercio\" target=\"_blank\" rel=\"noreferrer noopener\">(clique aqui)<\/a><\/strong>\u00a0. Ou,<\/li>\n\n\n\n<li>Tamb\u00e9m \u00e9 poss\u00edvel a compra atrav\u00e9s do cat\u00e1logo da Guster: <a href=\"https:\/\/www.guster.com.br\/catalogo\" target=\"_blank\" rel=\"noreferrer noopener\"><strong>www.guster.com.br\/catalogo<\/strong><\/a> . Consumidor pesquisa no cat\u00e1logo e decide modelos, preenche pedido na aba &#8220;Venda Direta ao Consumidor&#8221; e encaminha para a f\u00e1brica. F\u00e1brica preenche valor e envia para confirma\u00e7\u00e3o e pagamento pelo consumidor. Mais informa\u00e7\u00f5es e finaliza\u00e7\u00e3o da compra pode ser feita pelo WHATSAPP : (41) 9 9531 9924,\u00a0<strong><a href=\"https:\/\/contate.me\/gustercomercio\" target=\"_blank\" rel=\"noreferrer noopener\">(clique aqui)<\/a><\/strong>\u00a0. <\/li>\n\n\n\n<li>Consulte-nos, se necess\u00e1rio.<\/li>\n<\/ul>\n\n\n\n<p>Nota: Nossos pre\u00e7os incluem os sensores, salvo poucas excess\u00f5es.<\/p>\n\n\n\n<p>Na loja, apresentamos alguns instrumentos com parte de opcionais. Veja cat\u00e1logo completo ou consulte-nos.<\/p>\n\n\n\n<p>2) Para comprar atrav\u00e9s de nossos Parceiros:<\/p>\n\n\n\n<p>Caso Necessite de ajuda para escolha dos produtos, e outras formas de pagamento, sugerimos consultar nossos parceiros. Pre\u00e7os ser\u00e3o diferentes e dever\u00e3o ser negociados diretamente com nossos parceiros.<\/p>\n\n\n\n<p><strong><u>Atendimento a Ind\u00fastria<\/u><\/strong><\/p>\n\n\n\n<p>Favor entrar em contato com a fabrica para entendermos sua necessidade e apresentarmos cota\u00e7\u00e3o de pre\u00e7os. <a href=\"https:\/\/guster.com.br\/catalogo\/industria-medidor-rpm\/\" target=\"_blank\" rel=\"noreferrer noopener\">(saiba mais)<\/a>.<\/p>\n\n\n\n<p><strong><u>Instala\u00e7\u00e3o e Manuten\u00e7\u00e3o<\/u><\/strong><\/p>\n\n\n\n<p>Para instala\u00e7\u00e3o, sugerimos procurar profissional adequado em sua regi\u00e3o. Se decidiu instalar por conta pr\u00f3pria, leia o manual antes. Produto pode ser danificado com perda de garantia, se instala\u00e7\u00e3o incorreta.<\/p>\n\n\n\n<p>Manuten\u00e7\u00e3o: Uma vez instalado e funcionando, se durante o uso, o produto vier a dar problemas de funcionamento, favor contatar a fabrica.<\/p>\n\n\n\n<p>Para sugest\u00f5es ou informa\u00e7\u00f5es sobre produtos, contate-nos:<\/p>\n\n\n\n<p>Acesso a loja virtual, <a href=\"https:\/\/guster.com.br\/\" target=\"_blank\" rel=\"noreferrer noopener\">clique aqui<\/a>&nbsp;. Para mais informa\u00e7\u00f5es em Fale Conosco,&nbsp;<a href=\"https:\/\/guster.com.br\/catalogo\/fale-conosco\/\" target=\"_blank\" rel=\"noreferrer noopener\">clique aqui<\/a>.<\/p>\n","protected":false},"excerpt":{"rendered":"<p>Atendimento a Consumidor 1) A venda direta dos produtos da Guster para consumidores \u00e9 realizada por meio de: Nota: Nossos pre\u00e7os incluem os sensores, salvo poucas excess\u00f5es. Na loja, apresentamos alguns instrumentos com parte de opcionais. Veja cat\u00e1logo completo ou consulte-nos. 2) Para comprar atrav\u00e9s de nossos Parceiros: Caso Necessite de ajuda para escolha dos <a href='https:\/\/guster.com.br\/catalogo\/como-comprar-medidor-combustivel-automotivo\/' class='excerpt-more'>[&#8230;]<\/a><\/p>\n","protected":false},"author":1,"featured_media":0,"parent":0,"menu_order":0,"comment_status":"closed","ping_status":"open","template":"","meta":{"footnotes":""},"class_list":["post-2261","page","type-page","status-publish","hentry","post-seq-1","post-parity-odd","meta-position-line-bottom","fix"],"yoast_head":"<!-- This site is optimized with the Yoast SEO plugin v24.3 - https:\/\/yoast.com\/wordpress\/plugins\/seo\/ -->\n<title>medidor combustivel automotivo - Guster - Cat\u00e1logo<\/title>\n<meta name=\"description\" content=\"Medidor combustivel automotivo. Instrumentos painel. Hallmeter. Relogio carro. Marcador RPM. Medidor 85mm 110mm 140mm. Velocimetros com GPS.\" \/>\n<meta name=\"robots\" content=\"index, follow, max-snippet:-1, max-image-preview:large, max-video-preview:-1\" \/>\n<link rel=\"canonical\" href=\"https:\/\/guster.com.br\/catalogo\/como-comprar-medidor-combustivel-automotivo\/\" \/>\n<meta property=\"og:locale\" content=\"pt_BR\" \/>\n<meta property=\"og:type\" content=\"article\" \/>\n<meta property=\"og:title\" content=\"medidor combustivel automotivo - Guster - Cat\u00e1logo\" \/>\n<meta property=\"og:description\" content=\"Medidor combustivel automotivo. Instrumentos painel. Hallmeter. Relogio carro. Marcador RPM. Medidor 85mm 110mm 140mm. Velocimetros com GPS.\" \/>\n<meta property=\"og:url\" content=\"https:\/\/guster.com.br\/catalogo\/como-comprar-medidor-combustivel-automotivo\/\" \/>\n<meta property=\"og:site_name\" content=\"Guster - Cat\u00e1logo\" \/>\n<meta property=\"article:modified_time\" content=\"2023-08-07T20:48:43+00:00\" \/>\n<meta name=\"twitter:card\" content=\"summary_large_image\" \/>\n<meta name=\"twitter:label1\" content=\"Est. tempo de leitura\" \/>\n\t<meta name=\"twitter:data1\" content=\"2 minutos\" \/>\n<script type=\"application\/ld+json\" class=\"yoast-schema-graph\">{\"@context\":\"https:\/\/schema.org\",\"@graph\":[{\"@type\":\"WebPage\",\"@id\":\"https:\/\/guster.com.br\/catalogo\/como-comprar-medidor-combustivel-automotivo\/\",\"url\":\"https:\/\/guster.com.br\/catalogo\/como-comprar-medidor-combustivel-automotivo\/\",\"name\":\"medidor combustivel automotivo - Guster - Cat\u00e1logo\",\"isPartOf\":{\"@id\":\"https:\/\/guster.com.br\/catalogo\/#website\"},\"datePublished\":\"2012-08-17T03:24:25+00:00\",\"dateModified\":\"2023-08-07T20:48:43+00:00\",\"description\":\"Medidor combustivel automotivo. Instrumentos painel. Hallmeter. Relogio carro. Marcador RPM. Medidor 85mm 110mm 140mm. Velocimetros com GPS.\",\"breadcrumb\":{\"@id\":\"https:\/\/guster.com.br\/catalogo\/como-comprar-medidor-combustivel-automotivo\/#breadcrumb\"},\"inLanguage\":\"pt-BR\",\"potentialAction\":[{\"@type\":\"ReadAction\",\"target\":[\"https:\/\/guster.com.br\/catalogo\/como-comprar-medidor-combustivel-automotivo\/\"]}]},{\"@type\":\"BreadcrumbList\",\"@id\":\"https:\/\/guster.com.br\/catalogo\/como-comprar-medidor-combustivel-automotivo\/#breadcrumb\",\"itemListElement\":[{\"@type\":\"ListItem\",\"position\":1,\"name\":\"In\u00edcio\",\"item\":\"https:\/\/guster.com.br\/catalogo\/\"},{\"@type\":\"ListItem\",\"position\":2,\"name\":\"Como Comprar e Instalar\"}]},{\"@type\":\"WebSite\",\"@id\":\"https:\/\/guster.com.br\/catalogo\/#website\",\"url\":\"https:\/\/guster.com.br\/catalogo\/\",\"name\":\"Guster - Cat\u00e1logo\",\"description\":\"A Guster \u00e9 uma empresa brasileira a 18 anos no mercado com tecnologia pr\u00f3pria no desenvolvimento e fabrica\u00e7\u00e3o de instrumentos digitais industriais, automotivos, n\u00e1uticos e aeron\u00e1uticos.\",\"publisher\":{\"@id\":\"https:\/\/guster.com.br\/catalogo\/#organization\"},\"potentialAction\":[{\"@type\":\"SearchAction\",\"target\":{\"@type\":\"EntryPoint\",\"urlTemplate\":\"https:\/\/guster.com.br\/catalogo\/?s={search_term_string}\"},\"query-input\":{\"@type\":\"PropertyValueSpecification\",\"valueRequired\":true,\"valueName\":\"search_term_string\"}}],\"inLanguage\":\"pt-BR\"},{\"@type\":\"Organization\",\"@id\":\"https:\/\/guster.com.br\/catalogo\/#organization\",\"name\":\"Guster Instrumentos Digitais\",\"url\":\"https:\/\/guster.com.br\/catalogo\/\",\"logo\":{\"@type\":\"ImageObject\",\"inLanguage\":\"pt-BR\",\"@id\":\"https:\/\/guster.com.br\/catalogo\/#\/schema\/logo\/image\/\",\"url\":\"https:\/\/www.guster.com.br\/wp-content\/uploads\/2022\/02\/GUSTER2020.png\",\"contentUrl\":\"https:\/\/www.guster.com.br\/wp-content\/uploads\/2022\/02\/GUSTER2020.png\",\"width\":150,\"height\":35,\"caption\":\"Guster Instrumentos Digitais\"},\"image\":{\"@id\":\"https:\/\/guster.com.br\/catalogo\/#\/schema\/logo\/image\/\"}}]}<\/script>\n<!-- \/ Yoast SEO plugin. -->","yoast_head_json":{"title":"medidor combustivel automotivo - Guster - Cat\u00e1logo","description":"Medidor combustivel automotivo. Instrumentos painel. Hallmeter. Relogio carro. Marcador RPM. Medidor 85mm 110mm 140mm. Velocimetros com GPS.","robots":{"index":"index","follow":"follow","max-snippet":"max-snippet:-1","max-image-preview":"max-image-preview:large","max-video-preview":"max-video-preview:-1"},"canonical":"https:\/\/guster.com.br\/catalogo\/como-comprar-medidor-combustivel-automotivo\/","og_locale":"pt_BR","og_type":"article","og_title":"medidor combustivel automotivo - Guster - Cat\u00e1logo","og_description":"Medidor combustivel automotivo. Instrumentos painel. Hallmeter. Relogio carro. Marcador RPM. Medidor 85mm 110mm 140mm. Velocimetros com GPS.","og_url":"https:\/\/guster.com.br\/catalogo\/como-comprar-medidor-combustivel-automotivo\/","og_site_name":"Guster - Cat\u00e1logo","article_modified_time":"2023-08-07T20:48:43+00:00","twitter_card":"summary_large_image","twitter_misc":{"Est. tempo de leitura":"2 minutos"},"schema":{"@context":"https:\/\/schema.org","@graph":[{"@type":"WebPage","@id":"https:\/\/guster.com.br\/catalogo\/como-comprar-medidor-combustivel-automotivo\/","url":"https:\/\/guster.com.br\/catalogo\/como-comprar-medidor-combustivel-automotivo\/","name":"medidor combustivel automotivo - Guster - Cat\u00e1logo","isPartOf":{"@id":"https:\/\/guster.com.br\/catalogo\/#website"},"datePublished":"2012-08-17T03:24:25+00:00","dateModified":"2023-08-07T20:48:43+00:00","description":"Medidor combustivel automotivo. Instrumentos painel. Hallmeter. Relogio carro. Marcador RPM. Medidor 85mm 110mm 140mm. Velocimetros com GPS.","breadcrumb":{"@id":"https:\/\/guster.com.br\/catalogo\/como-comprar-medidor-combustivel-automotivo\/#breadcrumb"},"inLanguage":"pt-BR","potentialAction":[{"@type":"ReadAction","target":["https:\/\/guster.com.br\/catalogo\/como-comprar-medidor-combustivel-automotivo\/"]}]},{"@type":"BreadcrumbList","@id":"https:\/\/guster.com.br\/catalogo\/como-comprar-medidor-combustivel-automotivo\/#breadcrumb","itemListElement":[{"@type":"ListItem","position":1,"name":"In\u00edcio","item":"https:\/\/guster.com.br\/catalogo\/"},{"@type":"ListItem","position":2,"name":"Como Comprar e Instalar"}]},{"@type":"WebSite","@id":"https:\/\/guster.com.br\/catalogo\/#website","url":"https:\/\/guster.com.br\/catalogo\/","name":"Guster - Cat\u00e1logo","description":"A Guster \u00e9 uma empresa brasileira a 18 anos no mercado com tecnologia pr\u00f3pria no desenvolvimento e fabrica\u00e7\u00e3o de instrumentos digitais industriais, automotivos, n\u00e1uticos e aeron\u00e1uticos.","publisher":{"@id":"https:\/\/guster.com.br\/catalogo\/#organization"},"potentialAction":[{"@type":"SearchAction","target":{"@type":"EntryPoint","urlTemplate":"https:\/\/guster.com.br\/catalogo\/?s={search_term_string}"},"query-input":{"@type":"PropertyValueSpecification","valueRequired":true,"valueName":"search_term_string"}}],"inLanguage":"pt-BR"},{"@type":"Organization","@id":"https:\/\/guster.com.br\/catalogo\/#organization","name":"Guster Instrumentos Digitais","url":"https:\/\/guster.com.br\/catalogo\/","logo":{"@type":"ImageObject","inLanguage":"pt-BR","@id":"https:\/\/guster.com.br\/catalogo\/#\/schema\/logo\/image\/","url":"https:\/\/www.guster.com.br\/wp-content\/uploads\/2022\/02\/GUSTER2020.png","contentUrl":"https:\/\/www.guster.com.br\/wp-content\/uploads\/2022\/02\/GUSTER2020.png","width":150,"height":35,"caption":"Guster Instrumentos Digitais"},"image":{"@id":"https:\/\/guster.com.br\/catalogo\/#\/schema\/logo\/image\/"}}]}},"_links":{"self":[{"href":"https:\/\/guster.com.br\/catalogo\/wp-json\/wp\/v2\/pages\/2261","targetHints":{"allow":["GET"]}}],"collection":[{"href":"https:\/\/guster.com.br\/catalogo\/wp-json\/wp\/v2\/pages"}],"about":[{"href":"https:\/\/guster.com.br\/catalogo\/wp-json\/wp\/v2\/types\/page"}],"author":[{"embeddable":true,"href":"https:\/\/guster.com.br\/catalogo\/wp-json\/wp\/v2\/users\/1"}],"replies":[{"embeddable":true,"href":"https:\/\/guster.com.br\/catalogo\/wp-json\/wp\/v2\/comments?post=2261"}],"version-history":[{"count":0,"href":"https:\/\/guster.com.br\/catalogo\/wp-json\/wp\/v2\/pages\/2261\/revisions"}],"wp:attachment":[{"href":"https:\/\/guster.com.br\/catalogo\/wp-json\/wp\/v2\/media?parent=2261"}],"curies":[{"name":"wp","href":"https:\/\/api.w.org\/{rel}","templated":true}]}}