{"id":2281,"date":"2012-10-02T02:04:44","date_gmt":"2012-10-02T05:04:44","guid":{"rendered":"http:\/\/www.guster.com.br\/?page_id=2281"},"modified":"2023-07-13T16:39:21","modified_gmt":"2023-07-13T19:39:21","slug":"revendasguster","status":"publish","type":"page","link":"https:\/\/guster.com.br\/catalogo\/revendasguster\/","title":{"rendered":"Parceiros Guster"},"content":{"rendered":"<div id=\"REVENDAS GUSTER_16871\" align=\"center\">\n<table id=\"revendas\" style=\"height: 2189px;\" width=\"816\">\n<tbody>\n<tr>\n<th class=\"alt\"><\/th>\n<th id=\"revendasfone\" class=\"alt\"><\/th>\n<th class=\"alt\"><\/th>\n<th class=\"alt\"><\/th>\n<\/tr>\n<tr>\n<th colspan=\"4\"><\/th>\n<\/tr>\n<tr class=\"alt\">\n<td><\/td>\n<td><\/td>\n<td><\/td>\n<td><\/td>\n<\/tr>\n<tr>\n<th colspan=\"4\"><\/th>\n<\/tr>\n<tr>\n<td><\/td>\n<td><\/td>\n<td><\/td>\n<td><\/td>\n<\/tr>\n<tr class=\"alt\">\n<td><\/td>\n<td><\/td>\n<td><\/td>\n<td><\/td>\n<\/tr>\n<tr>\n<th colspan=\"4\">PARAN\u00c1<\/th>\n<\/tr>\n<tr class=\"alt\">\n<td><\/td>\n<td><\/td>\n<td><\/td>\n<td><\/td>\n<\/tr>\n<tr>\n<td>NET ACCESS<\/td>\n<td>(41) 3026-0001<\/p>\n<p>(41) 3078-0910<\/p>\n<p>(41) 9 8427-1022<\/p>\n<p>(41) 9 9942-5688<\/td>\n<td><span style=\"color: black; text-decoration: none;\"><a href=\"http:\/\/www.visumais.com.br\/\">www.visumais.com.br<\/a><\/span><\/p>\n<p>Sac@visumais.com.br<\/td>\n<td>CURITIBA<\/td>\n<\/tr>\n<tr>\n<th colspan=\"4\">S\u00c3O PAULO<\/th>\n<\/tr>\n<tr>\n<td>CRONOMETER INSTRUMENTOS<\/td>\n<td>\n(17) 99626-1015<\/td>\n<td>www.cronometer.com.br<\/td>\n<td>S\u00c3O JOS\u00c9 DO RIO PRETO<\/td>\n<\/tr>\n<tr>\n<td>DELBRAS Instrumentos<\/td>\n<td>(17) 3229-1744<\/p>\n<p>(17) 9 8147-870<\/p>\n<p>(17) 9 9214-3747<\/p>\n<p>(17) 9 9761-2471<\/p>\n<p>(17) 9 8815-4745<\/td>\n<td><a href=\"http:\/\/Delbras.net.br\" class=\"broken_link\">Delbras.net.br<\/a>sac@delbras.net.br<\/p>\n<p>vendas4@delbras.net.br<\/p>\n<p>junior@delbras.net.br<\/td>\n<td>S\u00c3O JOS\u00c9 DO RIO PRETO<\/td>\n<\/tr>\n<tr class=\"alt\">\n<td><\/td>\n<td><\/td>\n<td><\/td>\n<td><\/td>\n<\/tr>\n<\/tbody>\n<\/table>\n<\/div>\n","protected":false},"excerpt":{"rendered":"<p>PARAN\u00c1 NET ACCESS (41) 3026-0001 (41) 3078-0910 (41) 9 8427-1022 (41) 9 9942-5688 www.visumais.com.br Sac@visumais.com.br CURITIBA S\u00c3O PAULO CRONOMETER INSTRUMENTOS (17) 99626-1015 www.cronometer.com.br S\u00c3O JOS\u00c9 DO RIO PRETO DELBRAS Instrumentos (17) 3229-1744 (17) 9 8147-870 (17) 9 9214-3747 (17) 9 9761-2471 (17) 9 8815-4745 Delbras.net.brsac@delbras.net.br vendas4@delbras.net.br junior@delbras.net.br S\u00c3O JOS\u00c9 DO RIO PRETO<\/p>\n","protected":false},"author":1,"featured_media":0,"parent":0,"menu_order":0,"comment_status":"closed","ping_status":"open","template":"","meta":{"footnotes":""},"class_list":["post-2281","page","type-page","status-publish","hentry","post-seq-1","post-parity-odd","meta-position-line-bottom","fix"],"yoast_head":"<!-- This site is optimized with the Yoast SEO plugin v24.3 - https:\/\/yoast.com\/wordpress\/plugins\/seo\/ -->\n<title>Parceiros Guster - Guster - Cat\u00e1logo<\/title>\n<meta name=\"description\" content=\"A Guster \u00e9 uma empresa brasileira a 18 anos no mercado com tecnologia pr\u00f3pria no desenvolvimento e fabrica\u00e7\u00e3o de instrumentos digitais industriais, automotivos, n\u00e1uticos e aeron\u00e1uticos.\" \/>\n<meta name=\"robots\" content=\"index, follow, max-snippet:-1, max-image-preview:large, max-video-preview:-1\" \/>\n<link rel=\"canonical\" href=\"https:\/\/guster.com.br\/catalogo\/revendasguster\/\" \/>\n<meta property=\"og:locale\" content=\"pt_BR\" \/>\n<meta property=\"og:type\" content=\"article\" \/>\n<meta property=\"og:title\" content=\"Parceiros Guster - Guster - Cat\u00e1logo\" \/>\n<meta property=\"og:description\" content=\"A Guster \u00e9 uma empresa brasileira a 18 anos no mercado com tecnologia pr\u00f3pria no desenvolvimento e fabrica\u00e7\u00e3o de instrumentos digitais industriais, automotivos, n\u00e1uticos e aeron\u00e1uticos.\" \/>\n<meta property=\"og:url\" content=\"https:\/\/guster.com.br\/catalogo\/revendasguster\/\" \/>\n<meta property=\"og:site_name\" content=\"Guster - Cat\u00e1logo\" \/>\n<meta property=\"article:modified_time\" content=\"2023-07-13T19:39:21+00:00\" \/>\n<meta name=\"twitter:card\" content=\"summary_large_image\" \/>\n<script type=\"application\/ld+json\" class=\"yoast-schema-graph\">{\"@context\":\"https:\/\/schema.org\",\"@graph\":[{\"@type\":\"WebPage\",\"@id\":\"https:\/\/guster.com.br\/catalogo\/revendasguster\/\",\"url\":\"https:\/\/guster.com.br\/catalogo\/revendasguster\/\",\"name\":\"Parceiros Guster - Guster - Cat\u00e1logo\",\"isPartOf\":{\"@id\":\"https:\/\/guster.com.br\/catalogo\/#website\"},\"datePublished\":\"2012-10-02T05:04:44+00:00\",\"dateModified\":\"2023-07-13T19:39:21+00:00\",\"description\":\"A Guster \u00e9 uma empresa brasileira a 18 anos no mercado com tecnologia pr\u00f3pria no desenvolvimento e fabrica\u00e7\u00e3o de instrumentos digitais industriais, automotivos, n\u00e1uticos e aeron\u00e1uticos.\",\"breadcrumb\":{\"@id\":\"https:\/\/guster.com.br\/catalogo\/revendasguster\/#breadcrumb\"},\"inLanguage\":\"pt-BR\",\"potentialAction\":[{\"@type\":\"ReadAction\",\"target\":[\"https:\/\/guster.com.br\/catalogo\/revendasguster\/\"]}]},{\"@type\":\"BreadcrumbList\",\"@id\":\"https:\/\/guster.com.br\/catalogo\/revendasguster\/#breadcrumb\",\"itemListElement\":[{\"@type\":\"ListItem\",\"position\":1,\"name\":\"In\u00edcio\",\"item\":\"https:\/\/guster.com.br\/catalogo\/\"},{\"@type\":\"ListItem\",\"position\":2,\"name\":\"Parceiros Guster\"}]},{\"@type\":\"WebSite\",\"@id\":\"https:\/\/guster.com.br\/catalogo\/#website\",\"url\":\"https:\/\/guster.com.br\/catalogo\/\",\"name\":\"Guster - Cat\u00e1logo\",\"description\":\"A Guster \u00e9 uma empresa brasileira a 18 anos no mercado com tecnologia pr\u00f3pria no desenvolvimento e fabrica\u00e7\u00e3o de instrumentos digitais industriais, automotivos, n\u00e1uticos e aeron\u00e1uticos.\",\"publisher\":{\"@id\":\"https:\/\/guster.com.br\/catalogo\/#organization\"},\"potentialAction\":[{\"@type\":\"SearchAction\",\"target\":{\"@type\":\"EntryPoint\",\"urlTemplate\":\"https:\/\/guster.com.br\/catalogo\/?s={search_term_string}\"},\"query-input\":{\"@type\":\"PropertyValueSpecification\",\"valueRequired\":true,\"valueName\":\"search_term_string\"}}],\"inLanguage\":\"pt-BR\"},{\"@type\":\"Organization\",\"@id\":\"https:\/\/guster.com.br\/catalogo\/#organization\",\"name\":\"Guster Instrumentos Digitais\",\"url\":\"https:\/\/guster.com.br\/catalogo\/\",\"logo\":{\"@type\":\"ImageObject\",\"inLanguage\":\"pt-BR\",\"@id\":\"https:\/\/guster.com.br\/catalogo\/#\/schema\/logo\/image\/\",\"url\":\"https:\/\/www.guster.com.br\/wp-content\/uploads\/2022\/02\/GUSTER2020.png\",\"contentUrl\":\"https:\/\/www.guster.com.br\/wp-content\/uploads\/2022\/02\/GUSTER2020.png\",\"width\":150,\"height\":35,\"caption\":\"Guster Instrumentos Digitais\"},\"image\":{\"@id\":\"https:\/\/guster.com.br\/catalogo\/#\/schema\/logo\/image\/\"}}]}<\/script>\n<!-- \/ Yoast SEO plugin. -->","yoast_head_json":{"title":"Parceiros Guster - Guster - Cat\u00e1logo","description":"A Guster \u00e9 uma empresa brasileira a 18 anos no mercado com tecnologia pr\u00f3pria no desenvolvimento e fabrica\u00e7\u00e3o de instrumentos digitais industriais, automotivos, n\u00e1uticos e aeron\u00e1uticos.","robots":{"index":"index","follow":"follow","max-snippet":"max-snippet:-1","max-image-preview":"max-image-preview:large","max-video-preview":"max-video-preview:-1"},"canonical":"https:\/\/guster.com.br\/catalogo\/revendasguster\/","og_locale":"pt_BR","og_type":"article","og_title":"Parceiros Guster - Guster - Cat\u00e1logo","og_description":"A Guster \u00e9 uma empresa brasileira a 18 anos no mercado com tecnologia pr\u00f3pria no desenvolvimento e fabrica\u00e7\u00e3o de instrumentos digitais industriais, automotivos, n\u00e1uticos e aeron\u00e1uticos.","og_url":"https:\/\/guster.com.br\/catalogo\/revendasguster\/","og_site_name":"Guster - Cat\u00e1logo","article_modified_time":"2023-07-13T19:39:21+00:00","twitter_card":"summary_large_image","schema":{"@context":"https:\/\/schema.org","@graph":[{"@type":"WebPage","@id":"https:\/\/guster.com.br\/catalogo\/revendasguster\/","url":"https:\/\/guster.com.br\/catalogo\/revendasguster\/","name":"Parceiros Guster - Guster - Cat\u00e1logo","isPartOf":{"@id":"https:\/\/guster.com.br\/catalogo\/#website"},"datePublished":"2012-10-02T05:04:44+00:00","dateModified":"2023-07-13T19:39:21+00:00","description":"A Guster \u00e9 uma empresa brasileira a 18 anos no mercado com tecnologia pr\u00f3pria no desenvolvimento e fabrica\u00e7\u00e3o de instrumentos digitais industriais, automotivos, n\u00e1uticos e aeron\u00e1uticos.","breadcrumb":{"@id":"https:\/\/guster.com.br\/catalogo\/revendasguster\/#breadcrumb"},"inLanguage":"pt-BR","potentialAction":[{"@type":"ReadAction","target":["https:\/\/guster.com.br\/catalogo\/revendasguster\/"]}]},{"@type":"BreadcrumbList","@id":"https:\/\/guster.com.br\/catalogo\/revendasguster\/#breadcrumb","itemListElement":[{"@type":"ListItem","position":1,"name":"In\u00edcio","item":"https:\/\/guster.com.br\/catalogo\/"},{"@type":"ListItem","position":2,"name":"Parceiros Guster"}]},{"@type":"WebSite","@id":"https:\/\/guster.com.br\/catalogo\/#website","url":"https:\/\/guster.com.br\/catalogo\/","name":"Guster - Cat\u00e1logo","description":"A Guster \u00e9 uma empresa brasileira a 18 anos no mercado com tecnologia pr\u00f3pria no desenvolvimento e fabrica\u00e7\u00e3o de instrumentos digitais industriais, automotivos, n\u00e1uticos e aeron\u00e1uticos.","publisher":{"@id":"https:\/\/guster.com.br\/catalogo\/#organization"},"potentialAction":[{"@type":"SearchAction","target":{"@type":"EntryPoint","urlTemplate":"https:\/\/guster.com.br\/catalogo\/?s={search_term_string}"},"query-input":{"@type":"PropertyValueSpecification","valueRequired":true,"valueName":"search_term_string"}}],"inLanguage":"pt-BR"},{"@type":"Organization","@id":"https:\/\/guster.com.br\/catalogo\/#organization","name":"Guster Instrumentos Digitais","url":"https:\/\/guster.com.br\/catalogo\/","logo":{"@type":"ImageObject","inLanguage":"pt-BR","@id":"https:\/\/guster.com.br\/catalogo\/#\/schema\/logo\/image\/","url":"https:\/\/www.guster.com.br\/wp-content\/uploads\/2022\/02\/GUSTER2020.png","contentUrl":"https:\/\/www.guster.com.br\/wp-content\/uploads\/2022\/02\/GUSTER2020.png","width":150,"height":35,"caption":"Guster Instrumentos Digitais"},"image":{"@id":"https:\/\/guster.com.br\/catalogo\/#\/schema\/logo\/image\/"}}]}},"_links":{"self":[{"href":"https:\/\/guster.com.br\/catalogo\/wp-json\/wp\/v2\/pages\/2281","targetHints":{"allow":["GET"]}}],"collection":[{"href":"https:\/\/guster.com.br\/catalogo\/wp-json\/wp\/v2\/pages"}],"about":[{"href":"https:\/\/guster.com.br\/catalogo\/wp-json\/wp\/v2\/types\/page"}],"author":[{"embeddable":true,"href":"https:\/\/guster.com.br\/catalogo\/wp-json\/wp\/v2\/users\/1"}],"replies":[{"embeddable":true,"href":"https:\/\/guster.com.br\/catalogo\/wp-json\/wp\/v2\/comments?post=2281"}],"version-history":[{"count":0,"href":"https:\/\/guster.com.br\/catalogo\/wp-json\/wp\/v2\/pages\/2281\/revisions"}],"wp:attachment":[{"href":"https:\/\/guster.com.br\/catalogo\/wp-json\/wp\/v2\/media?parent=2281"}],"curies":[{"name":"wp","href":"https:\/\/api.w.org\/{rel}","templated":true}]}}