{"id":3545,"date":"2015-09-08T22:21:15","date_gmt":"2015-09-09T01:21:15","guid":{"rendered":"http:\/\/www.guster.com.br\/?page_id=3545"},"modified":"2023-04-12T17:31:58","modified_gmt":"2023-04-12T20:31:58","slug":"porqueusarguster-nautica-instrumentos-medidores-nauticos","status":"publish","type":"page","link":"https:\/\/guster.com.br\/catalogo\/porqueusarguster-nautica-instrumentos-medidores-nauticos\/","title":{"rendered":"N\u00e1utica"},"content":{"rendered":"<p>Instrumenta\u00e7\u00e3o digital para Barcos.<\/p>\n<p>Apresenta vantagens\u00a0\u00a0em rela\u00e7\u00e3o a instrumenta\u00e7\u00e3o anal\u00f3gica ou convencional: precis\u00e3o, medi\u00e7\u00f5es r\u00e1pidas e confi\u00e1veis ,visualiza\u00e7\u00e3o com recursos inteligentes<\/p>\n<p>Qualidade, Confiabilidade e Precis\u00e3o.<\/p>\n<p>Inova\u00e7\u00e3o,Tecnologia e Beleza<\/p>\n<p>Pre\u00e7os competitivos em rela\u00e7\u00e3o aos importados.<\/p>\n<p>Multifuncionais para otimizar ocupa\u00e7\u00e3o do espa\u00e7o e redu\u00e7\u00e3o de custos.<\/p>\n<p>Prote\u00e7\u00e3o contra maresia<\/p>\n<p>Seguran\u00e7a, n\u00e3o precisa de mangueiras para combust\u00edvel, \u00f3leo, etc. sensores eletr\u00f4nicos afastados \u00a0interligados por fios, evitando riscos de acidentes ou vazamentos com l\u00edquidos e gases perigosos\/ aquecidos\/inflam\u00e1veis.<\/p>\n<p>Suporte T\u00e9cnico local, n\u00e3o dependemos de informa\u00e7\u00f5es do exterior.<\/p>\n<p>Exemplos de Aplica\u00e7\u00f5es:<\/p>\n<p>&#8211; Veloc\u00edmetros para baixas velocidades (com H\u00e9lice ou GPS);<\/p>\n<p>&#8211; Veloc\u00edmetros para alta velocidade ( com Pitot ou GPS);<\/p>\n<p>&#8211; Mercado de reposi\u00e7\u00e3o;<\/p>\n<p>&#8211; Fabricantes de barcos nacionais;<\/p>\n<p>&#8211; TRIM, Inclin\u00f4metro;<\/p>\n<p>&#8211; Monitora\u00e7\u00e3o de motores (RPM,Temperatura.etc).<\/p>\n<ul>\n<li>Grau de Prote\u00e7\u00e3o IP-64 (Linha Standard)<\/li>\n<\/ul>\n<p>Acesso a loja virtual, <a href=\"https:\/\/guster.com.br\/\" target=\"_blank\" rel=\"noopener\">clique aqui<\/a>\u00a0. Para mais informa\u00e7\u00f5es em Fale Conosco,\u00a0<a href=\"https:\/\/guster.com.br\/catalogo\/fale-conosco\/\" target=\"_blank\" rel=\"noopener\">clique aqui<\/a>.<\/p>\n","protected":false},"excerpt":{"rendered":"<p>Instrumenta\u00e7\u00e3o digital para Barcos. Apresenta vantagens\u00a0\u00a0em rela\u00e7\u00e3o a instrumenta\u00e7\u00e3o anal\u00f3gica ou convencional: precis\u00e3o, medi\u00e7\u00f5es r\u00e1pidas e confi\u00e1veis ,visualiza\u00e7\u00e3o com recursos inteligentes Qualidade, Confiabilidade e Precis\u00e3o. Inova\u00e7\u00e3o,Tecnologia e Beleza Pre\u00e7os competitivos em rela\u00e7\u00e3o aos importados. Multifuncionais para otimizar ocupa\u00e7\u00e3o do espa\u00e7o e redu\u00e7\u00e3o de custos. Prote\u00e7\u00e3o contra maresia Seguran\u00e7a, n\u00e3o precisa de mangueiras para combust\u00edvel, \u00f3leo, <a href='https:\/\/guster.com.br\/catalogo\/porqueusarguster-nautica-instrumentos-medidores-nauticos\/' class='excerpt-more'>[&#8230;]<\/a><\/p>\n","protected":false},"author":1,"featured_media":0,"parent":0,"menu_order":0,"comment_status":"closed","ping_status":"open","template":"","meta":{"footnotes":""},"class_list":["post-3545","page","type-page","status-publish","hentry","post-seq-1","post-parity-odd","meta-position-line-bottom","fix"],"yoast_head":"<!-- This site is optimized with the Yoast SEO plugin v24.3 - https:\/\/yoast.com\/wordpress\/plugins\/seo\/ -->\n<title>instrumentos medidores nauticos - Guster - Cat\u00e1logo<\/title>\n<meta name=\"description\" content=\"Instrumentos medidores nauticos. Relogios medidores mostradores nauticos. Barco carro digital industrial. Fabricante. Velocimetros com GPS.\" \/>\n<meta name=\"robots\" content=\"index, follow, max-snippet:-1, max-image-preview:large, max-video-preview:-1\" \/>\n<link rel=\"canonical\" href=\"https:\/\/guster.com.br\/catalogo\/porqueusarguster-nautica-instrumentos-medidores-nauticos\/\" \/>\n<meta property=\"og:locale\" content=\"pt_BR\" \/>\n<meta property=\"og:type\" content=\"article\" \/>\n<meta property=\"og:title\" content=\"instrumentos medidores nauticos - Guster - Cat\u00e1logo\" \/>\n<meta property=\"og:description\" content=\"Instrumentos medidores nauticos. Relogios medidores mostradores nauticos. Barco carro digital industrial. Fabricante. Velocimetros com GPS.\" \/>\n<meta property=\"og:url\" content=\"https:\/\/guster.com.br\/catalogo\/porqueusarguster-nautica-instrumentos-medidores-nauticos\/\" \/>\n<meta property=\"og:site_name\" content=\"Guster - Cat\u00e1logo\" \/>\n<meta property=\"article:modified_time\" content=\"2023-04-12T20:31:58+00:00\" \/>\n<meta name=\"twitter:card\" content=\"summary_large_image\" \/>\n<meta name=\"twitter:label1\" content=\"Est. tempo de leitura\" \/>\n\t<meta name=\"twitter:data1\" content=\"1 minuto\" \/>\n<script type=\"application\/ld+json\" class=\"yoast-schema-graph\">{\"@context\":\"https:\/\/schema.org\",\"@graph\":[{\"@type\":\"WebPage\",\"@id\":\"https:\/\/guster.com.br\/catalogo\/porqueusarguster-nautica-instrumentos-medidores-nauticos\/\",\"url\":\"https:\/\/guster.com.br\/catalogo\/porqueusarguster-nautica-instrumentos-medidores-nauticos\/\",\"name\":\"instrumentos medidores nauticos - Guster - Cat\u00e1logo\",\"isPartOf\":{\"@id\":\"https:\/\/guster.com.br\/catalogo\/#website\"},\"datePublished\":\"2015-09-09T01:21:15+00:00\",\"dateModified\":\"2023-04-12T20:31:58+00:00\",\"description\":\"Instrumentos medidores nauticos. Relogios medidores mostradores nauticos. Barco carro digital industrial. Fabricante. Velocimetros com GPS.\",\"breadcrumb\":{\"@id\":\"https:\/\/guster.com.br\/catalogo\/porqueusarguster-nautica-instrumentos-medidores-nauticos\/#breadcrumb\"},\"inLanguage\":\"pt-BR\",\"potentialAction\":[{\"@type\":\"ReadAction\",\"target\":[\"https:\/\/guster.com.br\/catalogo\/porqueusarguster-nautica-instrumentos-medidores-nauticos\/\"]}]},{\"@type\":\"BreadcrumbList\",\"@id\":\"https:\/\/guster.com.br\/catalogo\/porqueusarguster-nautica-instrumentos-medidores-nauticos\/#breadcrumb\",\"itemListElement\":[{\"@type\":\"ListItem\",\"position\":1,\"name\":\"In\u00edcio\",\"item\":\"https:\/\/guster.com.br\/catalogo\/\"},{\"@type\":\"ListItem\",\"position\":2,\"name\":\"N\u00e1utica\"}]},{\"@type\":\"WebSite\",\"@id\":\"https:\/\/guster.com.br\/catalogo\/#website\",\"url\":\"https:\/\/guster.com.br\/catalogo\/\",\"name\":\"Guster - Cat\u00e1logo\",\"description\":\"A Guster \u00e9 uma empresa brasileira a 18 anos no mercado com tecnologia pr\u00f3pria no desenvolvimento e fabrica\u00e7\u00e3o de instrumentos digitais industriais, automotivos, n\u00e1uticos e aeron\u00e1uticos.\",\"publisher\":{\"@id\":\"https:\/\/guster.com.br\/catalogo\/#organization\"},\"potentialAction\":[{\"@type\":\"SearchAction\",\"target\":{\"@type\":\"EntryPoint\",\"urlTemplate\":\"https:\/\/guster.com.br\/catalogo\/?s={search_term_string}\"},\"query-input\":{\"@type\":\"PropertyValueSpecification\",\"valueRequired\":true,\"valueName\":\"search_term_string\"}}],\"inLanguage\":\"pt-BR\"},{\"@type\":\"Organization\",\"@id\":\"https:\/\/guster.com.br\/catalogo\/#organization\",\"name\":\"Guster Instrumentos Digitais\",\"url\":\"https:\/\/guster.com.br\/catalogo\/\",\"logo\":{\"@type\":\"ImageObject\",\"inLanguage\":\"pt-BR\",\"@id\":\"https:\/\/guster.com.br\/catalogo\/#\/schema\/logo\/image\/\",\"url\":\"https:\/\/www.guster.com.br\/wp-content\/uploads\/2022\/02\/GUSTER2020.png\",\"contentUrl\":\"https:\/\/www.guster.com.br\/wp-content\/uploads\/2022\/02\/GUSTER2020.png\",\"width\":150,\"height\":35,\"caption\":\"Guster Instrumentos Digitais\"},\"image\":{\"@id\":\"https:\/\/guster.com.br\/catalogo\/#\/schema\/logo\/image\/\"}}]}<\/script>\n<!-- \/ Yoast SEO plugin. -->","yoast_head_json":{"title":"instrumentos medidores nauticos - Guster - Cat\u00e1logo","description":"Instrumentos medidores nauticos. Relogios medidores mostradores nauticos. Barco carro digital industrial. Fabricante. Velocimetros com GPS.","robots":{"index":"index","follow":"follow","max-snippet":"max-snippet:-1","max-image-preview":"max-image-preview:large","max-video-preview":"max-video-preview:-1"},"canonical":"https:\/\/guster.com.br\/catalogo\/porqueusarguster-nautica-instrumentos-medidores-nauticos\/","og_locale":"pt_BR","og_type":"article","og_title":"instrumentos medidores nauticos - Guster - Cat\u00e1logo","og_description":"Instrumentos medidores nauticos. Relogios medidores mostradores nauticos. Barco carro digital industrial. Fabricante. Velocimetros com GPS.","og_url":"https:\/\/guster.com.br\/catalogo\/porqueusarguster-nautica-instrumentos-medidores-nauticos\/","og_site_name":"Guster - Cat\u00e1logo","article_modified_time":"2023-04-12T20:31:58+00:00","twitter_card":"summary_large_image","twitter_misc":{"Est. tempo de leitura":"1 minuto"},"schema":{"@context":"https:\/\/schema.org","@graph":[{"@type":"WebPage","@id":"https:\/\/guster.com.br\/catalogo\/porqueusarguster-nautica-instrumentos-medidores-nauticos\/","url":"https:\/\/guster.com.br\/catalogo\/porqueusarguster-nautica-instrumentos-medidores-nauticos\/","name":"instrumentos medidores nauticos - Guster - Cat\u00e1logo","isPartOf":{"@id":"https:\/\/guster.com.br\/catalogo\/#website"},"datePublished":"2015-09-09T01:21:15+00:00","dateModified":"2023-04-12T20:31:58+00:00","description":"Instrumentos medidores nauticos. Relogios medidores mostradores nauticos. Barco carro digital industrial. Fabricante. Velocimetros com GPS.","breadcrumb":{"@id":"https:\/\/guster.com.br\/catalogo\/porqueusarguster-nautica-instrumentos-medidores-nauticos\/#breadcrumb"},"inLanguage":"pt-BR","potentialAction":[{"@type":"ReadAction","target":["https:\/\/guster.com.br\/catalogo\/porqueusarguster-nautica-instrumentos-medidores-nauticos\/"]}]},{"@type":"BreadcrumbList","@id":"https:\/\/guster.com.br\/catalogo\/porqueusarguster-nautica-instrumentos-medidores-nauticos\/#breadcrumb","itemListElement":[{"@type":"ListItem","position":1,"name":"In\u00edcio","item":"https:\/\/guster.com.br\/catalogo\/"},{"@type":"ListItem","position":2,"name":"N\u00e1utica"}]},{"@type":"WebSite","@id":"https:\/\/guster.com.br\/catalogo\/#website","url":"https:\/\/guster.com.br\/catalogo\/","name":"Guster - Cat\u00e1logo","description":"A Guster \u00e9 uma empresa brasileira a 18 anos no mercado com tecnologia pr\u00f3pria no desenvolvimento e fabrica\u00e7\u00e3o de instrumentos digitais industriais, automotivos, n\u00e1uticos e aeron\u00e1uticos.","publisher":{"@id":"https:\/\/guster.com.br\/catalogo\/#organization"},"potentialAction":[{"@type":"SearchAction","target":{"@type":"EntryPoint","urlTemplate":"https:\/\/guster.com.br\/catalogo\/?s={search_term_string}"},"query-input":{"@type":"PropertyValueSpecification","valueRequired":true,"valueName":"search_term_string"}}],"inLanguage":"pt-BR"},{"@type":"Organization","@id":"https:\/\/guster.com.br\/catalogo\/#organization","name":"Guster Instrumentos Digitais","url":"https:\/\/guster.com.br\/catalogo\/","logo":{"@type":"ImageObject","inLanguage":"pt-BR","@id":"https:\/\/guster.com.br\/catalogo\/#\/schema\/logo\/image\/","url":"https:\/\/www.guster.com.br\/wp-content\/uploads\/2022\/02\/GUSTER2020.png","contentUrl":"https:\/\/www.guster.com.br\/wp-content\/uploads\/2022\/02\/GUSTER2020.png","width":150,"height":35,"caption":"Guster Instrumentos Digitais"},"image":{"@id":"https:\/\/guster.com.br\/catalogo\/#\/schema\/logo\/image\/"}}]}},"_links":{"self":[{"href":"https:\/\/guster.com.br\/catalogo\/wp-json\/wp\/v2\/pages\/3545","targetHints":{"allow":["GET"]}}],"collection":[{"href":"https:\/\/guster.com.br\/catalogo\/wp-json\/wp\/v2\/pages"}],"about":[{"href":"https:\/\/guster.com.br\/catalogo\/wp-json\/wp\/v2\/types\/page"}],"author":[{"embeddable":true,"href":"https:\/\/guster.com.br\/catalogo\/wp-json\/wp\/v2\/users\/1"}],"replies":[{"embeddable":true,"href":"https:\/\/guster.com.br\/catalogo\/wp-json\/wp\/v2\/comments?post=3545"}],"version-history":[{"count":0,"href":"https:\/\/guster.com.br\/catalogo\/wp-json\/wp\/v2\/pages\/3545\/revisions"}],"wp:attachment":[{"href":"https:\/\/guster.com.br\/catalogo\/wp-json\/wp\/v2\/media?parent=3545"}],"curies":[{"name":"wp","href":"https:\/\/api.w.org\/{rel}","templated":true}]}}