{"id":3547,"date":"2015-09-08T22:25:04","date_gmt":"2015-09-09T01:25:04","guid":{"rendered":"http:\/\/www.guster.com.br\/?page_id=3547"},"modified":"2026-03-11T08:19:58","modified_gmt":"2026-03-11T11:19:58","slug":"porqueusarguster-industrial-marcador-temperatura-digital","status":"publish","type":"page","link":"https:\/\/guster.com.br\/catalogo\/porqueusarguster-industrial-marcador-temperatura-digital\/","title":{"rendered":"Industrial"},"content":{"rendered":"<p>Fabricamos intensa variedade de instrumentos e acess\u00f3rios para in\u00fameras aplica\u00e7\u00f5es e estilos de apresenta\u00e7\u00e3o visual. Aplica\u00e7\u00f5es n\u00e3o s\u00e3o apenas em veiculos, automoveis.<\/p>\n<p>Veja VIDEO sobre instrumentos Guster para a industria no: Youtube,<a href=\"https:\/\/www.youtube.com\/watch?v=XUF177s2p1I\" target=\"_blank\" rel=\"noreferrer noopener\">\u00a0<strong>clique aqui<\/strong><\/a>, ou no Instagram,<strong><a href=\"https:\/\/www.instagram.com\/p\/DKewzXbqXSM\/\" target=\"_blank\" rel=\"noreferrer noopener\">\u00a0clique aqui<\/a><\/strong>.<\/p>\n<p>Temos instrumenta\u00e7\u00e3o digital diversificada: fun\u00e7\u00f5es, formatos, cores, multifuncionais para atender in\u00fameras necessidades industriais.<\/p>\n<p>Para medi\u00e7\u00e3o, controle e registro de vari\u00e1veis em produtos de sua fabrica\u00e7\u00e3o que tenham:<\/p>\n<p>&#8211; Deslocamentos ( velocidade, acelera\u00e7\u00e3o, posi\u00e7\u00e3o, inclina\u00e7\u00e3o, etc.);<\/p>\n<p>&#8211; Rota\u00e7\u00f5es;<\/p>\n<p>&#8211; Temperatura, inclusive pirometros;<\/p>\n<p>&#8211; Press\u00f5es (ar , \u00f3leo, \u00e1gua, combust\u00edvel, gases, etc.);<\/p>\n<p>&#8211; N\u00edveis de l\u00edquidos;<\/p>\n<p>&#8211; Temporiza\u00e7\u00f5es (hor\u00edmetros, rel\u00f3gio, timer, contadores, etc.);<\/p>\n<p>&#8211; Energia (tens\u00e3o, corrente, etc.);<\/p>\n<p>&#8211; Outros.<\/p>\n<p>Para seus produtos que tenham necessidade de instrumenta\u00e7\u00e3o e controle embarcados precisos, r\u00e1pidos , confi\u00e1veis, com recursos inovadores e inteligentes.(mem\u00f3ria, seguran\u00e7a, alarmes, filtros, comunica\u00e7\u00e3o serial RS232, RS485, etc&#8230;). Podemos personaliz\u00e1-los e produzi-los especialmente para sua aplica\u00e7\u00e3o.<\/p>\n<p>Nossos instrumentos s\u00e3o microcontrolados com sensores precisos diferenciados, projetados e fabricados exclusivamente, que permitem varia\u00e7\u00f5es buscando solu\u00e7\u00f5es espec\u00edficas para suas necessidades. O que reduz tempo em seus projetos internos, com significativa redu\u00e7\u00e3o de custos, agregando valor.<\/p>\n<p>A precis\u00e3o dos instrumentos \u00e9 obtida com uso de tecnologia digital e sensores exclusivos desenvolvidos e fabricados pela Guster.<\/p>\n<p>Modelos de instrumentos agrupando fun\u00e7\u00f5es. Exemplo: Conta-giros com Hor\u00edmetro, Temperatura com Hor\u00edmetro, Multifuncionais, etc.<\/p>\n<p>Ciclos de controle podem ser incorporados al\u00e9m de alarmes. Exemplos: a) manter m\u00e1ximos e m\u00ednimos atrav\u00e9s de atua\u00e7\u00e3o de rel\u00e9; b) Hor\u00edmetros com alerta program\u00e1vel para preventivas, etc.<\/p>\n<p>Veloc\u00edmetros com diversas alternativas de sensores facilitando instala\u00e7\u00e3o, inclusive com GPS, podendo operar em baixas velocidades.<\/p>\n<p>Modelos de velocimetros precisos para velocidades muito baixas (Ex: colheitadeiras de gr\u00e3os, equipamentos maquinas industriais, etc) at\u00e9 cerca de 4 KM\/h, para baixas velocidades (EX: empilhadeiras, rebocadores, etc) at\u00e9 cerca de 80 KM\/h e para altas velocidades at\u00e9 500 KM\/h.<\/p>\n<p>Instrumentos combinados, multifuncionais e pain\u00e9is completos agrupando fun\u00e7\u00f5es otimizando espa\u00e7o e custo. Inovadores, bonito visual e com excelente acabamento.<\/p>\n<p>Alternativas de sensores que possibilitam o uso dos instrumentos em diversas aplica\u00e7\u00f5es e que facilitam instala\u00e7\u00f5es.<\/p>\n<p>Opcionais como : Mem\u00f3ria, sa\u00edda para Atuador externo, Diesel, Alarmes visual e sonoro, comunica\u00e7\u00e3o (0 a 10V, 4 a 20mA, CAN, USB, RS-232, RS-485, ETHERNET\/TCP-IP), M\u00f3dulo de Voz., Etc.<\/p>\n<p>Seguran\u00e7a, n\u00e3o precisa de mangueiras para combust\u00edvel, \u00f3leo, etc. Sensores eletr\u00f4nicos afastados \u00a0interligados por fios, evitando riscos de acidentes ou vazamentos com l\u00edquidos e gases perigosos\/ aquecidos\/inflam\u00e1veis.<\/p>\n<p>Para diferentes redes el\u00e9tricas<\/p>\n<p>N\u00e3o cont\u00e9m pe\u00e7as mec\u00e2nicas sujeitas a desgastes, manuten\u00e7\u00f5es, aferi\u00e7\u00f5es peri\u00f3dicas.<\/p>\n<p>Diversas op\u00e7\u00f5es de gabinetes aonde os instrumentos podem ser montados.(Ver PRODUTOS\/INDUSTRIAL).<\/p>\n<p>Pre\u00e7os e condi\u00e7\u00f5es diferenciadas para ind\u00fastria.<\/p>\n<p>Grau de Prote\u00e7\u00e3o IP-64 (Linha Standard)<\/p>\n<p>Exemplos de aplica\u00e7\u00f5es:<\/p>\n<p>&#8211; Inclin\u00f4metros e aceler\u00f4metros em: carros de bombeiros , betoneiras, guindastes, carretas, caminh\u00f5es tanque de combust\u00edvel, semi reboques, basculantes sobre chassi, retroescavadeiras, ca\u00e7ambas, barcos de pesca industrial, etc.<\/p>\n<p>&#8211; Veloc\u00edmetros para baixas velocidades: colheitadeiras de gr\u00e3os, empilhadeiras, rebocadores, carros el\u00e9tricos, barcos, etc;<\/p>\n<p>&#8211; Multifuncionais para controle e monitora\u00e7\u00e3o de ve\u00edculos pesados:<\/p>\n<ul>\n<li>\u00a0Trem<\/li>\n<li>\u00a0Trailer<\/li>\n<li>\u00a0Motores estacion\u00e1rios<\/li>\n<li>\u00a0M\u00e1quinas Agr\u00edcolas<\/li>\n<\/ul>\n<p>Entre em contato conosco e apresente sua necessidade, teremos prazer em ajudar.<\/p>\n<p>Acesso a loja virtual, <a href=\"https:\/\/guster.com.br\/\" target=\"_blank\" rel=\"noopener\">clique aqui<\/a>\u00a0. Para mais informa\u00e7\u00f5es em Fale Conosco,\u00a0<a href=\"https:\/\/guster.com.br\/catalogo\/fale-conosco\/\" target=\"_blank\" rel=\"noopener\">clique aqui<\/a>.<\/p>\n","protected":false},"excerpt":{"rendered":"<p>Fabricamos intensa variedade de instrumentos e acess\u00f3rios para in\u00fameras aplica\u00e7\u00f5es e estilos de apresenta\u00e7\u00e3o visual. Aplica\u00e7\u00f5es n\u00e3o s\u00e3o apenas em veiculos, automoveis. Veja VIDEO sobre instrumentos Guster para a industria no: Youtube,\u00a0clique aqui, ou no Instagram,\u00a0clique aqui. Temos instrumenta\u00e7\u00e3o digital diversificada: fun\u00e7\u00f5es, formatos, cores, multifuncionais para atender in\u00fameras necessidades industriais. Para medi\u00e7\u00e3o, controle e registro <a href='https:\/\/guster.com.br\/catalogo\/porqueusarguster-industrial-marcador-temperatura-digital\/' class='excerpt-more'>[&#8230;]<\/a><\/p>\n","protected":false},"author":1,"featured_media":0,"parent":0,"menu_order":0,"comment_status":"closed","ping_status":"open","template":"","meta":{"footnotes":""},"class_list":["post-3547","page","type-page","status-publish","hentry","post-seq-1","post-parity-odd","meta-position-line-bottom","fix"],"yoast_head":"<!-- This site is optimized with the Yoast SEO plugin v24.3 - https:\/\/yoast.com\/wordpress\/plugins\/seo\/ -->\n<title>marcador temperatura digital - Guster - Cat\u00e1logo<\/title>\n<meta name=\"description\" content=\"Marcador temperatura digital. Instrumento de painel. Medidor relogio RPM combinado. Redondo retangular e outros. Fabricante. Velocimetro GPS.\" \/>\n<meta name=\"robots\" content=\"index, follow, max-snippet:-1, max-image-preview:large, max-video-preview:-1\" \/>\n<link rel=\"canonical\" href=\"https:\/\/guster.com.br\/catalogo\/porqueusarguster-industrial-marcador-temperatura-digital\/\" \/>\n<meta property=\"og:locale\" content=\"pt_BR\" \/>\n<meta property=\"og:type\" content=\"article\" \/>\n<meta property=\"og:title\" content=\"marcador temperatura digital - Guster - Cat\u00e1logo\" \/>\n<meta property=\"og:description\" content=\"Marcador temperatura digital. Instrumento de painel. Medidor relogio RPM combinado. Redondo retangular e outros. Fabricante. Velocimetro GPS.\" \/>\n<meta property=\"og:url\" content=\"https:\/\/guster.com.br\/catalogo\/porqueusarguster-industrial-marcador-temperatura-digital\/\" \/>\n<meta property=\"og:site_name\" content=\"Guster - Cat\u00e1logo\" \/>\n<meta property=\"article:modified_time\" content=\"2026-03-11T11:19:58+00:00\" \/>\n<meta name=\"twitter:card\" content=\"summary_large_image\" \/>\n<meta name=\"twitter:label1\" content=\"Est. tempo de leitura\" \/>\n\t<meta name=\"twitter:data1\" content=\"3 minutos\" \/>\n<script type=\"application\/ld+json\" class=\"yoast-schema-graph\">{\"@context\":\"https:\/\/schema.org\",\"@graph\":[{\"@type\":\"WebPage\",\"@id\":\"https:\/\/guster.com.br\/catalogo\/porqueusarguster-industrial-marcador-temperatura-digital\/\",\"url\":\"https:\/\/guster.com.br\/catalogo\/porqueusarguster-industrial-marcador-temperatura-digital\/\",\"name\":\"marcador temperatura digital - Guster - Cat\u00e1logo\",\"isPartOf\":{\"@id\":\"https:\/\/guster.com.br\/catalogo\/#website\"},\"datePublished\":\"2015-09-09T01:25:04+00:00\",\"dateModified\":\"2026-03-11T11:19:58+00:00\",\"description\":\"Marcador temperatura digital. Instrumento de painel. Medidor relogio RPM combinado. Redondo retangular e outros. Fabricante. Velocimetro GPS.\",\"breadcrumb\":{\"@id\":\"https:\/\/guster.com.br\/catalogo\/porqueusarguster-industrial-marcador-temperatura-digital\/#breadcrumb\"},\"inLanguage\":\"pt-BR\",\"potentialAction\":[{\"@type\":\"ReadAction\",\"target\":[\"https:\/\/guster.com.br\/catalogo\/porqueusarguster-industrial-marcador-temperatura-digital\/\"]}]},{\"@type\":\"BreadcrumbList\",\"@id\":\"https:\/\/guster.com.br\/catalogo\/porqueusarguster-industrial-marcador-temperatura-digital\/#breadcrumb\",\"itemListElement\":[{\"@type\":\"ListItem\",\"position\":1,\"name\":\"In\u00edcio\",\"item\":\"https:\/\/guster.com.br\/catalogo\/\"},{\"@type\":\"ListItem\",\"position\":2,\"name\":\"Industrial\"}]},{\"@type\":\"WebSite\",\"@id\":\"https:\/\/guster.com.br\/catalogo\/#website\",\"url\":\"https:\/\/guster.com.br\/catalogo\/\",\"name\":\"Guster - Cat\u00e1logo\",\"description\":\"A Guster \u00e9 uma empresa brasileira a 18 anos no mercado com tecnologia pr\u00f3pria no desenvolvimento e fabrica\u00e7\u00e3o de instrumentos digitais industriais, automotivos, n\u00e1uticos e aeron\u00e1uticos.\",\"publisher\":{\"@id\":\"https:\/\/guster.com.br\/catalogo\/#organization\"},\"potentialAction\":[{\"@type\":\"SearchAction\",\"target\":{\"@type\":\"EntryPoint\",\"urlTemplate\":\"https:\/\/guster.com.br\/catalogo\/?s={search_term_string}\"},\"query-input\":{\"@type\":\"PropertyValueSpecification\",\"valueRequired\":true,\"valueName\":\"search_term_string\"}}],\"inLanguage\":\"pt-BR\"},{\"@type\":\"Organization\",\"@id\":\"https:\/\/guster.com.br\/catalogo\/#organization\",\"name\":\"Guster Instrumentos Digitais\",\"url\":\"https:\/\/guster.com.br\/catalogo\/\",\"logo\":{\"@type\":\"ImageObject\",\"inLanguage\":\"pt-BR\",\"@id\":\"https:\/\/guster.com.br\/catalogo\/#\/schema\/logo\/image\/\",\"url\":\"https:\/\/www.guster.com.br\/wp-content\/uploads\/2022\/02\/GUSTER2020.png\",\"contentUrl\":\"https:\/\/www.guster.com.br\/wp-content\/uploads\/2022\/02\/GUSTER2020.png\",\"width\":150,\"height\":35,\"caption\":\"Guster Instrumentos Digitais\"},\"image\":{\"@id\":\"https:\/\/guster.com.br\/catalogo\/#\/schema\/logo\/image\/\"}}]}<\/script>\n<!-- \/ Yoast SEO plugin. -->","yoast_head_json":{"title":"marcador temperatura digital - Guster - Cat\u00e1logo","description":"Marcador temperatura digital. Instrumento de painel. Medidor relogio RPM combinado. Redondo retangular e outros. Fabricante. Velocimetro GPS.","robots":{"index":"index","follow":"follow","max-snippet":"max-snippet:-1","max-image-preview":"max-image-preview:large","max-video-preview":"max-video-preview:-1"},"canonical":"https:\/\/guster.com.br\/catalogo\/porqueusarguster-industrial-marcador-temperatura-digital\/","og_locale":"pt_BR","og_type":"article","og_title":"marcador temperatura digital - Guster - Cat\u00e1logo","og_description":"Marcador temperatura digital. Instrumento de painel. Medidor relogio RPM combinado. Redondo retangular e outros. Fabricante. Velocimetro GPS.","og_url":"https:\/\/guster.com.br\/catalogo\/porqueusarguster-industrial-marcador-temperatura-digital\/","og_site_name":"Guster - Cat\u00e1logo","article_modified_time":"2026-03-11T11:19:58+00:00","twitter_card":"summary_large_image","twitter_misc":{"Est. tempo de leitura":"3 minutos"},"schema":{"@context":"https:\/\/schema.org","@graph":[{"@type":"WebPage","@id":"https:\/\/guster.com.br\/catalogo\/porqueusarguster-industrial-marcador-temperatura-digital\/","url":"https:\/\/guster.com.br\/catalogo\/porqueusarguster-industrial-marcador-temperatura-digital\/","name":"marcador temperatura digital - Guster - Cat\u00e1logo","isPartOf":{"@id":"https:\/\/guster.com.br\/catalogo\/#website"},"datePublished":"2015-09-09T01:25:04+00:00","dateModified":"2026-03-11T11:19:58+00:00","description":"Marcador temperatura digital. Instrumento de painel. Medidor relogio RPM combinado. Redondo retangular e outros. Fabricante. Velocimetro GPS.","breadcrumb":{"@id":"https:\/\/guster.com.br\/catalogo\/porqueusarguster-industrial-marcador-temperatura-digital\/#breadcrumb"},"inLanguage":"pt-BR","potentialAction":[{"@type":"ReadAction","target":["https:\/\/guster.com.br\/catalogo\/porqueusarguster-industrial-marcador-temperatura-digital\/"]}]},{"@type":"BreadcrumbList","@id":"https:\/\/guster.com.br\/catalogo\/porqueusarguster-industrial-marcador-temperatura-digital\/#breadcrumb","itemListElement":[{"@type":"ListItem","position":1,"name":"In\u00edcio","item":"https:\/\/guster.com.br\/catalogo\/"},{"@type":"ListItem","position":2,"name":"Industrial"}]},{"@type":"WebSite","@id":"https:\/\/guster.com.br\/catalogo\/#website","url":"https:\/\/guster.com.br\/catalogo\/","name":"Guster - Cat\u00e1logo","description":"A Guster \u00e9 uma empresa brasileira a 18 anos no mercado com tecnologia pr\u00f3pria no desenvolvimento e fabrica\u00e7\u00e3o de instrumentos digitais industriais, automotivos, n\u00e1uticos e aeron\u00e1uticos.","publisher":{"@id":"https:\/\/guster.com.br\/catalogo\/#organization"},"potentialAction":[{"@type":"SearchAction","target":{"@type":"EntryPoint","urlTemplate":"https:\/\/guster.com.br\/catalogo\/?s={search_term_string}"},"query-input":{"@type":"PropertyValueSpecification","valueRequired":true,"valueName":"search_term_string"}}],"inLanguage":"pt-BR"},{"@type":"Organization","@id":"https:\/\/guster.com.br\/catalogo\/#organization","name":"Guster Instrumentos Digitais","url":"https:\/\/guster.com.br\/catalogo\/","logo":{"@type":"ImageObject","inLanguage":"pt-BR","@id":"https:\/\/guster.com.br\/catalogo\/#\/schema\/logo\/image\/","url":"https:\/\/www.guster.com.br\/wp-content\/uploads\/2022\/02\/GUSTER2020.png","contentUrl":"https:\/\/www.guster.com.br\/wp-content\/uploads\/2022\/02\/GUSTER2020.png","width":150,"height":35,"caption":"Guster Instrumentos Digitais"},"image":{"@id":"https:\/\/guster.com.br\/catalogo\/#\/schema\/logo\/image\/"}}]}},"_links":{"self":[{"href":"https:\/\/guster.com.br\/catalogo\/wp-json\/wp\/v2\/pages\/3547","targetHints":{"allow":["GET"]}}],"collection":[{"href":"https:\/\/guster.com.br\/catalogo\/wp-json\/wp\/v2\/pages"}],"about":[{"href":"https:\/\/guster.com.br\/catalogo\/wp-json\/wp\/v2\/types\/page"}],"author":[{"embeddable":true,"href":"https:\/\/guster.com.br\/catalogo\/wp-json\/wp\/v2\/users\/1"}],"replies":[{"embeddable":true,"href":"https:\/\/guster.com.br\/catalogo\/wp-json\/wp\/v2\/comments?post=3547"}],"version-history":[{"count":0,"href":"https:\/\/guster.com.br\/catalogo\/wp-json\/wp\/v2\/pages\/3547\/revisions"}],"wp:attachment":[{"href":"https:\/\/guster.com.br\/catalogo\/wp-json\/wp\/v2\/media?parent=3547"}],"curies":[{"name":"wp","href":"https:\/\/api.w.org\/{rel}","templated":true}]}}