{"id":43,"date":"2012-05-20T17:55:37","date_gmt":"2012-05-20T20:55:37","guid":{"rendered":"http:\/\/www.guster.com.br\/?page_id=43"},"modified":"2023-08-07T17:52:43","modified_gmt":"2023-08-07T20:52:43","slug":"fale-conosco-indicador-automotivo","status":"publish","type":"page","link":"https:\/\/guster.com.br\/catalogo\/fale-conosco-indicador-automotivo\/","title":{"rendered":"Fale Conosco"},"content":{"rendered":"<p><\/p>\n\n\n<p>Cat\u00e1logo de produtos:<\/p>\n<p>\n\n\n\n<\/p>\n<p>Caso necessite ver linha completa de produtos, acess\u00f3rios, opcionais ou mais detalhes, manuais, etc, favor acessar o cat\u00e1logo (ver link abaixo).<\/p>\n<p>\n\n\n\n<\/p>\n<p>N\u00e3o temos cat\u00e1logo impresso ou para baixar em pdf devido a quantidade muito grande de instrumentos, acess\u00f3rios e opcionais. Com muitas possibilidades de combina\u00e7\u00f5es de cores, formatos, tamanhos, combinados de instrumentos e acabamentos. Al\u00e9m disso, temos lan\u00e7amentos de novos produtos continuamente. Por isso, a forma mais completa\u00a0e atualizada de conhecer nossos produtos, \u00e9 navegar pelo cat\u00e1logo na internet para ver todos os detalhes desejados, inclusive com manuais.<\/p>\n<p>\n\n\n<\/p><p>\u00a0<\/p>\n<p class=\"first-para\"><u>Atendimento<\/u><strong><u> a Consumidor<\/u><\/strong><\/p>\n<p>1) Para compra direto da f\u00e1brica:<\/p>\n<p>a) Loja virtual acessada pelo endere\u00e7o: <a href=\"https:\/\/guster.com.br\/\" target=\"_blank\" rel=\"noreferrer noopener\">www.guster.com.br<\/a> . Na Loja Virtual podem ser encontrados alguns modelos de produtos e acess\u00f3rios que podem ser adquiridos de forma simplificada. Ou,<\/p>\n<p>b) Tamb\u00e9m \u00e9 poss\u00edvel a compra atrav\u00e9s do cat\u00e1logo em: <a href=\"https:\/\/guster.com.br\/catalogo\/\" target=\"_blank\" rel=\"noreferrer noopener\">www.guster.com.br\/catalogo<\/a> . Um vez escolhido o produto desejado, deve preencher o pedido com acesso no in\u00edcio da Tabela Geral de Pre\u00e7os para Consumidor na aba Venda Direta Consumidor e nos enviar. Retornaremos com os valores a pagar. Realizado o pagamento, favor enviar o comprovante como confirma\u00e7\u00e3o da compra e dar prosseguimento ao pedido. Ou,<\/p>\n<p>c) Compre pelo WHATSAPP : (41) 9 9531 9924,\u00a0<strong><a href=\"https:\/\/contate.me\/gustercomercio\" target=\"_blank\" rel=\"noreferrer noopener\">(clique aqui)<\/a><\/strong>\u00a0<span style=\"color: initial;\">\u00a0. Ou,<\/span><\/p>\n<p>d) Consulte-nos, se necess\u00e1rio.<\/p>\n<p>2) Para comprar atrav\u00e9s de nossos Parceiros:<\/p>\n<p>Caso necessite de ajuda para escolha dos produtos, e outras formas de pagamento, sugerimos consultar nossos parceiros. Pre\u00e7os ser\u00e3o diferentes e dever\u00e3o ser negociados diretamente com nossos parceiros.<\/p>\n<p><strong><u>Atendimento a Ind\u00fastria<\/u><\/strong><\/p>\n<p>Favor entrar em contato com a f\u00e1brica para entendermos sua necessidade e apresentarmos cota\u00e7\u00e3o de pre\u00e7os. (<a href=\"https:\/\/guster.com.br\/catalogo\/industria-medidor-rpm\/\" target=\"_blank\" rel=\"noopener\">saiba mais<\/a>).<\/p>\n<p>Atendimento: de Segunda a Sexta &#8211; Feira, das 08:00 at\u00e9 as 12:00 e das 13:00 at\u00e9 as 17:45.<\/p>\n<p>WhatsApp Guster: (41) 9 9531 9924,\u00a0<strong><a href=\"https:\/\/contate.me\/gustercomercio\" target=\"_blank\" rel=\"noreferrer noopener\">(clique aqui)<\/a><\/strong>\u00a0<\/p>\n<p>Telefone : (41) 3014 3536<\/p>\n<p>E-mail: <strong><a href=\"mailto:vendas@guster.com.br\">vendas@guster.com.br<\/a><\/strong><\/p>","protected":false},"excerpt":{"rendered":"<p>Cat\u00e1logo de produtos: Caso necessite ver linha completa de produtos, acess\u00f3rios, opcionais ou mais detalhes, manuais, etc, favor acessar o cat\u00e1logo (ver link abaixo). N\u00e3o temos cat\u00e1logo impresso ou para baixar em pdf devido a quantidade muito grande de instrumentos, acess\u00f3rios e opcionais. Com muitas possibilidades de combina\u00e7\u00f5es de cores, formatos, tamanhos, combinados de instrumentos <a href='https:\/\/guster.com.br\/catalogo\/fale-conosco-indicador-automotivo\/' class='excerpt-more'>[&#8230;]<\/a><\/p>\n","protected":false},"author":1,"featured_media":0,"parent":0,"menu_order":0,"comment_status":"closed","ping_status":"open","template":"","meta":{"footnotes":""},"class_list":["post-43","page","type-page","status-publish","hentry","post-seq-1","post-parity-odd","meta-position-line-bottom","fix"],"yoast_head":"<!-- This site is optimized with the Yoast SEO plugin v24.3 - https:\/\/yoast.com\/wordpress\/plugins\/seo\/ -->\n<title>indicador automotivo - Guster - Cat\u00e1logo<\/title>\n<meta name=\"description\" content=\"Indicador automotivo. Tacometro digital. Voltimetro automotivo. Amperimetro automotivo. Relogio para carro. Fabricante. Velocimetro com GPS.\" \/>\n<meta name=\"robots\" content=\"index, follow, max-snippet:-1, max-image-preview:large, max-video-preview:-1\" \/>\n<link rel=\"canonical\" href=\"https:\/\/guster.com.br\/catalogo\/fale-conosco-indicador-automotivo\/\" \/>\n<meta property=\"og:locale\" content=\"pt_BR\" \/>\n<meta property=\"og:type\" content=\"article\" \/>\n<meta property=\"og:title\" content=\"indicador automotivo - Guster - Cat\u00e1logo\" \/>\n<meta property=\"og:description\" content=\"Indicador automotivo. Tacometro digital. Voltimetro automotivo. Amperimetro automotivo. Relogio para carro. Fabricante. Velocimetro com GPS.\" \/>\n<meta property=\"og:url\" content=\"https:\/\/guster.com.br\/catalogo\/fale-conosco-indicador-automotivo\/\" \/>\n<meta property=\"og:site_name\" content=\"Guster - Cat\u00e1logo\" \/>\n<meta property=\"article:modified_time\" content=\"2023-08-07T20:52:43+00:00\" \/>\n<meta name=\"twitter:card\" content=\"summary_large_image\" \/>\n<meta name=\"twitter:label1\" content=\"Est. tempo de leitura\" \/>\n\t<meta name=\"twitter:data1\" content=\"2 minutos\" \/>\n<script type=\"application\/ld+json\" class=\"yoast-schema-graph\">{\"@context\":\"https:\/\/schema.org\",\"@graph\":[{\"@type\":\"WebPage\",\"@id\":\"https:\/\/guster.com.br\/catalogo\/fale-conosco-indicador-automotivo\/\",\"url\":\"https:\/\/guster.com.br\/catalogo\/fale-conosco-indicador-automotivo\/\",\"name\":\"indicador automotivo - Guster - Cat\u00e1logo\",\"isPartOf\":{\"@id\":\"https:\/\/guster.com.br\/catalogo\/#website\"},\"datePublished\":\"2012-05-20T20:55:37+00:00\",\"dateModified\":\"2023-08-07T20:52:43+00:00\",\"description\":\"Indicador automotivo. Tacometro digital. Voltimetro automotivo. Amperimetro automotivo. Relogio para carro. Fabricante. Velocimetro com GPS.\",\"breadcrumb\":{\"@id\":\"https:\/\/guster.com.br\/catalogo\/fale-conosco-indicador-automotivo\/#breadcrumb\"},\"inLanguage\":\"pt-BR\",\"potentialAction\":[{\"@type\":\"ReadAction\",\"target\":[\"https:\/\/guster.com.br\/catalogo\/fale-conosco-indicador-automotivo\/\"]}]},{\"@type\":\"BreadcrumbList\",\"@id\":\"https:\/\/guster.com.br\/catalogo\/fale-conosco-indicador-automotivo\/#breadcrumb\",\"itemListElement\":[{\"@type\":\"ListItem\",\"position\":1,\"name\":\"In\u00edcio\",\"item\":\"https:\/\/guster.com.br\/catalogo\/\"},{\"@type\":\"ListItem\",\"position\":2,\"name\":\"Fale Conosco\"}]},{\"@type\":\"WebSite\",\"@id\":\"https:\/\/guster.com.br\/catalogo\/#website\",\"url\":\"https:\/\/guster.com.br\/catalogo\/\",\"name\":\"Guster - Cat\u00e1logo\",\"description\":\"A Guster \u00e9 uma empresa brasileira a 18 anos no mercado com tecnologia pr\u00f3pria no desenvolvimento e fabrica\u00e7\u00e3o de instrumentos digitais industriais, automotivos, n\u00e1uticos e aeron\u00e1uticos.\",\"publisher\":{\"@id\":\"https:\/\/guster.com.br\/catalogo\/#organization\"},\"potentialAction\":[{\"@type\":\"SearchAction\",\"target\":{\"@type\":\"EntryPoint\",\"urlTemplate\":\"https:\/\/guster.com.br\/catalogo\/?s={search_term_string}\"},\"query-input\":{\"@type\":\"PropertyValueSpecification\",\"valueRequired\":true,\"valueName\":\"search_term_string\"}}],\"inLanguage\":\"pt-BR\"},{\"@type\":\"Organization\",\"@id\":\"https:\/\/guster.com.br\/catalogo\/#organization\",\"name\":\"Guster Instrumentos Digitais\",\"url\":\"https:\/\/guster.com.br\/catalogo\/\",\"logo\":{\"@type\":\"ImageObject\",\"inLanguage\":\"pt-BR\",\"@id\":\"https:\/\/guster.com.br\/catalogo\/#\/schema\/logo\/image\/\",\"url\":\"https:\/\/www.guster.com.br\/wp-content\/uploads\/2022\/02\/GUSTER2020.png\",\"contentUrl\":\"https:\/\/www.guster.com.br\/wp-content\/uploads\/2022\/02\/GUSTER2020.png\",\"width\":150,\"height\":35,\"caption\":\"Guster Instrumentos Digitais\"},\"image\":{\"@id\":\"https:\/\/guster.com.br\/catalogo\/#\/schema\/logo\/image\/\"}}]}<\/script>\n<!-- \/ Yoast SEO plugin. -->","yoast_head_json":{"title":"indicador automotivo - Guster - Cat\u00e1logo","description":"Indicador automotivo. Tacometro digital. Voltimetro automotivo. Amperimetro automotivo. Relogio para carro. Fabricante. Velocimetro com GPS.","robots":{"index":"index","follow":"follow","max-snippet":"max-snippet:-1","max-image-preview":"max-image-preview:large","max-video-preview":"max-video-preview:-1"},"canonical":"https:\/\/guster.com.br\/catalogo\/fale-conosco-indicador-automotivo\/","og_locale":"pt_BR","og_type":"article","og_title":"indicador automotivo - Guster - Cat\u00e1logo","og_description":"Indicador automotivo. Tacometro digital. Voltimetro automotivo. Amperimetro automotivo. Relogio para carro. Fabricante. Velocimetro com GPS.","og_url":"https:\/\/guster.com.br\/catalogo\/fale-conosco-indicador-automotivo\/","og_site_name":"Guster - Cat\u00e1logo","article_modified_time":"2023-08-07T20:52:43+00:00","twitter_card":"summary_large_image","twitter_misc":{"Est. tempo de leitura":"2 minutos"},"schema":{"@context":"https:\/\/schema.org","@graph":[{"@type":"WebPage","@id":"https:\/\/guster.com.br\/catalogo\/fale-conosco-indicador-automotivo\/","url":"https:\/\/guster.com.br\/catalogo\/fale-conosco-indicador-automotivo\/","name":"indicador automotivo - Guster - Cat\u00e1logo","isPartOf":{"@id":"https:\/\/guster.com.br\/catalogo\/#website"},"datePublished":"2012-05-20T20:55:37+00:00","dateModified":"2023-08-07T20:52:43+00:00","description":"Indicador automotivo. Tacometro digital. Voltimetro automotivo. Amperimetro automotivo. Relogio para carro. Fabricante. Velocimetro com GPS.","breadcrumb":{"@id":"https:\/\/guster.com.br\/catalogo\/fale-conosco-indicador-automotivo\/#breadcrumb"},"inLanguage":"pt-BR","potentialAction":[{"@type":"ReadAction","target":["https:\/\/guster.com.br\/catalogo\/fale-conosco-indicador-automotivo\/"]}]},{"@type":"BreadcrumbList","@id":"https:\/\/guster.com.br\/catalogo\/fale-conosco-indicador-automotivo\/#breadcrumb","itemListElement":[{"@type":"ListItem","position":1,"name":"In\u00edcio","item":"https:\/\/guster.com.br\/catalogo\/"},{"@type":"ListItem","position":2,"name":"Fale Conosco"}]},{"@type":"WebSite","@id":"https:\/\/guster.com.br\/catalogo\/#website","url":"https:\/\/guster.com.br\/catalogo\/","name":"Guster - Cat\u00e1logo","description":"A Guster \u00e9 uma empresa brasileira a 18 anos no mercado com tecnologia pr\u00f3pria no desenvolvimento e fabrica\u00e7\u00e3o de instrumentos digitais industriais, automotivos, n\u00e1uticos e aeron\u00e1uticos.","publisher":{"@id":"https:\/\/guster.com.br\/catalogo\/#organization"},"potentialAction":[{"@type":"SearchAction","target":{"@type":"EntryPoint","urlTemplate":"https:\/\/guster.com.br\/catalogo\/?s={search_term_string}"},"query-input":{"@type":"PropertyValueSpecification","valueRequired":true,"valueName":"search_term_string"}}],"inLanguage":"pt-BR"},{"@type":"Organization","@id":"https:\/\/guster.com.br\/catalogo\/#organization","name":"Guster Instrumentos Digitais","url":"https:\/\/guster.com.br\/catalogo\/","logo":{"@type":"ImageObject","inLanguage":"pt-BR","@id":"https:\/\/guster.com.br\/catalogo\/#\/schema\/logo\/image\/","url":"https:\/\/www.guster.com.br\/wp-content\/uploads\/2022\/02\/GUSTER2020.png","contentUrl":"https:\/\/www.guster.com.br\/wp-content\/uploads\/2022\/02\/GUSTER2020.png","width":150,"height":35,"caption":"Guster Instrumentos Digitais"},"image":{"@id":"https:\/\/guster.com.br\/catalogo\/#\/schema\/logo\/image\/"}}]}},"_links":{"self":[{"href":"https:\/\/guster.com.br\/catalogo\/wp-json\/wp\/v2\/pages\/43","targetHints":{"allow":["GET"]}}],"collection":[{"href":"https:\/\/guster.com.br\/catalogo\/wp-json\/wp\/v2\/pages"}],"about":[{"href":"https:\/\/guster.com.br\/catalogo\/wp-json\/wp\/v2\/types\/page"}],"author":[{"embeddable":true,"href":"https:\/\/guster.com.br\/catalogo\/wp-json\/wp\/v2\/users\/1"}],"replies":[{"embeddable":true,"href":"https:\/\/guster.com.br\/catalogo\/wp-json\/wp\/v2\/comments?post=43"}],"version-history":[{"count":0,"href":"https:\/\/guster.com.br\/catalogo\/wp-json\/wp\/v2\/pages\/43\/revisions"}],"wp:attachment":[{"href":"https:\/\/guster.com.br\/catalogo\/wp-json\/wp\/v2\/media?parent=43"}],"curies":[{"name":"wp","href":"https:\/\/api.w.org\/{rel}","templated":true}]}}