{"id":4742,"date":"2020-07-10T15:58:40","date_gmt":"2020-07-10T18:58:40","guid":{"rendered":"http:\/\/www.guster.com.br\/?page_id=4742"},"modified":"2026-03-18T15:50:50","modified_gmt":"2026-03-18T18:50:50","slug":"porque-guster-2-instrumentos-painel","status":"publish","type":"page","link":"https:\/\/guster.com.br\/catalogo\/porque-guster-2-instrumentos-painel\/","title":{"rendered":"Diferenciais Guster"},"content":{"rendered":"<p>Fabricamos intensa variedade de instrumentos e acess\u00f3rios para in\u00fameras aplica\u00e7\u00f5es e estilos de apresenta\u00e7\u00e3o visual com excelente acabamento.<\/p>\n<p>Fabricante nacional com suporte local.<\/p>\n<p>Com diferentes tamanhos, formatos e cores, \u00e9\u00a0 poss\u00edvel montar um conjunto harmonioso de instrumentos evitando misturar instrumentos com diferentes estilos de fabrica\u00e7\u00e3o prejudicando o visual do conjunto. Tamb\u00e9m possibilita escolher modelo para atender necessidade de alguma fun\u00e7\u00e3o que se aproxime de um visual de conjunto j\u00e1 instalado, evitando comprometer visual existente.<\/p>\n<p>Displays e leds diferenciados nas cores e com intenso brilho.<\/p>\n<p>Produtos fabricados para extensa\u00a0 vida \u00fatil.<\/p>\n<p>Circuitos eletr\u00f4nicos com microprocessador, usando tecnologia SMD, resultando em mais confiabilidade, durabilidade e mais recursos ao usu\u00e1rio.<\/p>\n<p>N\u00e3o cont\u00e9m pe\u00e7as mec\u00e2nicas sujeitas a desgastes e aferi\u00e7\u00f5es peri\u00f3dicas.<\/p>\n<p>A utiliza\u00e7\u00e3o de mostrador digital permite visualiza\u00e7\u00e3o r\u00e1pida.<\/p>\n<p>Maioria dos instrumentos tem recursos importantes que agregam valor para o usu\u00e1rio: alarme visual, sonoro, atuador externo (ex.: rele). Program\u00e1vel pelo usu\u00e1rio, de acordo com sua aplica\u00e7\u00e3o. Alguns destes recursos est\u00e3o inclusos (sem custo) ou s\u00e3o opcionais, que devem ser confirmados no pedido de compra.<\/p>\n<p>Em todos os instrumentos da Guster, acompanha o sensor\u00a0 (menos: b\u00f3ia resistiva para Indicador de N\u00edvel de Combust\u00edvel, para Hallmeter \/ Ar Combust\u00edvel e\u00a0 para TRIM). N\u00e3o compartilhamos sensor com o original do equipamento para obtermos melhor precis\u00e3o e evitar interfer\u00eancia \/ perda de garantia do equipamento original.<\/p>\n<p>Sensores desenvolvidos pela Guster para obter maior confiabilidade, precis\u00e3o dos valores mostrados, n\u00e3o interferir nos originais do equipamento e facilitar intala\u00e7\u00e3o.<\/p>\n<p>Sensores de press\u00e3o eletr\u00f4nicos interligados por fio, para evitar acidentes ou vazamentos com l\u00edquidos ou gases perigosos \/ aquecidos \/ inflam\u00e1veis. Elevada precis\u00e3o e vida \u00fatil.\u00a0 Temos adaptadores de roscas para\u00a0 diversas alternativas ver aba \u201cProdutos\u201d \/ \u201cAcess\u00f3rios\u201d \/ \u201cAdaptadores de Rocas\u201d, (SAD-XX opcional).<\/p>\n<p>Painel dos instrumentos com displays e leds recuados, para reduzir interfer\u00eancia do sol na leitura dos valores mostrados. N\u00e3o se aplica aos modelos SLIM.<\/p>\n<p>Todos os modelos possibilitam controlar o brilho dos displays e leds em n\u00edvel alto e ou baixo, de forma independente (opcional). Com \u00fanico controle, pode-se ajustar o brilho de forma continua, conjunto de instrumentos adquiridos.<\/p>\n<p>Indicado para montagem em pain\u00e9is ou suportes\/copos automotivos, para embutir ou sobrepor.<\/p>\n<p>Alimenta\u00e7\u00e3o: 8 a 18VDC, para equipamentos 12 Volts. Tamb\u00e9m para 24 e 48 Volts ou outras redes el\u00e9tricas, inclusive 6VDC (Ex.: ve\u00edculos antigos). Consulte-nos.<\/p>\n<p>Para equipamentos carburados ou injetados.<\/p>\n<p>Para motores de 1, 2, 4, 6, 8, 10 ou 12 cilindros, g\u00e1s, gasolina, \u00e1lcool ou diesel.<\/p>\n<p>Prote\u00e7\u00e3o quanto a invers\u00e3o de polaridade da alimenta\u00e7\u00e3o.<\/p>\n<p>Acess\u00f3rios para facilitar as instala\u00e7\u00f5es, adapta\u00e7\u00f5es no uso de instrumentos.<\/p>\n<p>Prote\u00e7\u00e3o para Maresia (opcional).<\/p>\n<p>Acesso a loja virtual, <a href=\"https:\/\/guster.com.br\/\" target=\"_blank\" rel=\"noopener\">clique aqui<\/a>\u00a0. Para mais informa\u00e7\u00f5es em Fale Conosco,\u00a0<a href=\"https:\/\/guster.com.br\/catalogo\/fale-conosco\/\" target=\"_blank\" rel=\"noopener\">clique aqui<\/a>.<\/p>\n","protected":false},"excerpt":{"rendered":"<p>222<\/p>\n","protected":false},"author":1,"featured_media":0,"parent":0,"menu_order":0,"comment_status":"closed","ping_status":"open","template":"","meta":{"footnotes":""},"class_list":["post-4742","page","type-page","status-publish","hentry","post-seq-1","post-parity-odd","meta-position-line-bottom","fix"],"yoast_head":"<!-- This site is optimized with the Yoast SEO plugin v24.3 - https:\/\/yoast.com\/wordpress\/plugins\/seo\/ -->\n<title>instrumentos painel - Guster - Cat\u00e1logo<\/title>\n<meta name=\"description\" content=\"Instrumentos painel automotivo. Indicador digital RPM. Instrumento 110mm. Relogio painel automotivo. Fabricante. Velocimetro com GPS.\" \/>\n<meta name=\"robots\" content=\"index, follow, max-snippet:-1, max-image-preview:large, max-video-preview:-1\" \/>\n<link rel=\"canonical\" href=\"https:\/\/guster.com.br\/catalogo\/porque-guster-2-instrumentos-painel\/\" \/>\n<meta property=\"og:locale\" content=\"pt_BR\" \/>\n<meta property=\"og:type\" content=\"article\" \/>\n<meta property=\"og:title\" content=\"instrumentos painel - Guster - Cat\u00e1logo\" \/>\n<meta property=\"og:description\" content=\"Instrumentos painel automotivo. Indicador digital RPM. Instrumento 110mm. Relogio painel automotivo. Fabricante. Velocimetro com GPS.\" \/>\n<meta property=\"og:url\" content=\"https:\/\/guster.com.br\/catalogo\/porque-guster-2-instrumentos-painel\/\" \/>\n<meta property=\"og:site_name\" content=\"Guster - Cat\u00e1logo\" \/>\n<meta property=\"article:modified_time\" content=\"2026-03-18T18:50:50+00:00\" \/>\n<meta name=\"twitter:card\" content=\"summary_large_image\" \/>\n<meta name=\"twitter:label1\" content=\"Est. tempo de leitura\" \/>\n\t<meta name=\"twitter:data1\" content=\"3 minutos\" \/>\n<script type=\"application\/ld+json\" class=\"yoast-schema-graph\">{\"@context\":\"https:\/\/schema.org\",\"@graph\":[{\"@type\":\"WebPage\",\"@id\":\"https:\/\/guster.com.br\/catalogo\/porque-guster-2-instrumentos-painel\/\",\"url\":\"https:\/\/guster.com.br\/catalogo\/porque-guster-2-instrumentos-painel\/\",\"name\":\"instrumentos painel - Guster - Cat\u00e1logo\",\"isPartOf\":{\"@id\":\"https:\/\/guster.com.br\/catalogo\/#website\"},\"datePublished\":\"2020-07-10T18:58:40+00:00\",\"dateModified\":\"2026-03-18T18:50:50+00:00\",\"description\":\"Instrumentos painel automotivo. Indicador digital RPM. Instrumento 110mm. Relogio painel automotivo. Fabricante. Velocimetro com GPS.\",\"breadcrumb\":{\"@id\":\"https:\/\/guster.com.br\/catalogo\/porque-guster-2-instrumentos-painel\/#breadcrumb\"},\"inLanguage\":\"pt-BR\",\"potentialAction\":[{\"@type\":\"ReadAction\",\"target\":[\"https:\/\/guster.com.br\/catalogo\/porque-guster-2-instrumentos-painel\/\"]}]},{\"@type\":\"BreadcrumbList\",\"@id\":\"https:\/\/guster.com.br\/catalogo\/porque-guster-2-instrumentos-painel\/#breadcrumb\",\"itemListElement\":[{\"@type\":\"ListItem\",\"position\":1,\"name\":\"In\u00edcio\",\"item\":\"https:\/\/guster.com.br\/catalogo\/\"},{\"@type\":\"ListItem\",\"position\":2,\"name\":\"Diferenciais Guster\"}]},{\"@type\":\"WebSite\",\"@id\":\"https:\/\/guster.com.br\/catalogo\/#website\",\"url\":\"https:\/\/guster.com.br\/catalogo\/\",\"name\":\"Guster - Cat\u00e1logo\",\"description\":\"A Guster \u00e9 uma empresa brasileira a 18 anos no mercado com tecnologia pr\u00f3pria no desenvolvimento e fabrica\u00e7\u00e3o de instrumentos digitais industriais, automotivos, n\u00e1uticos e aeron\u00e1uticos.\",\"publisher\":{\"@id\":\"https:\/\/guster.com.br\/catalogo\/#organization\"},\"potentialAction\":[{\"@type\":\"SearchAction\",\"target\":{\"@type\":\"EntryPoint\",\"urlTemplate\":\"https:\/\/guster.com.br\/catalogo\/?s={search_term_string}\"},\"query-input\":{\"@type\":\"PropertyValueSpecification\",\"valueRequired\":true,\"valueName\":\"search_term_string\"}}],\"inLanguage\":\"pt-BR\"},{\"@type\":\"Organization\",\"@id\":\"https:\/\/guster.com.br\/catalogo\/#organization\",\"name\":\"Guster Instrumentos Digitais\",\"url\":\"https:\/\/guster.com.br\/catalogo\/\",\"logo\":{\"@type\":\"ImageObject\",\"inLanguage\":\"pt-BR\",\"@id\":\"https:\/\/guster.com.br\/catalogo\/#\/schema\/logo\/image\/\",\"url\":\"https:\/\/www.guster.com.br\/wp-content\/uploads\/2022\/02\/GUSTER2020.png\",\"contentUrl\":\"https:\/\/www.guster.com.br\/wp-content\/uploads\/2022\/02\/GUSTER2020.png\",\"width\":150,\"height\":35,\"caption\":\"Guster Instrumentos Digitais\"},\"image\":{\"@id\":\"https:\/\/guster.com.br\/catalogo\/#\/schema\/logo\/image\/\"}}]}<\/script>\n<!-- \/ Yoast SEO plugin. -->","yoast_head_json":{"title":"instrumentos painel - Guster - Cat\u00e1logo","description":"Instrumentos painel automotivo. Indicador digital RPM. Instrumento 110mm. Relogio painel automotivo. Fabricante. Velocimetro com GPS.","robots":{"index":"index","follow":"follow","max-snippet":"max-snippet:-1","max-image-preview":"max-image-preview:large","max-video-preview":"max-video-preview:-1"},"canonical":"https:\/\/guster.com.br\/catalogo\/porque-guster-2-instrumentos-painel\/","og_locale":"pt_BR","og_type":"article","og_title":"instrumentos painel - Guster - Cat\u00e1logo","og_description":"Instrumentos painel automotivo. Indicador digital RPM. Instrumento 110mm. Relogio painel automotivo. Fabricante. Velocimetro com GPS.","og_url":"https:\/\/guster.com.br\/catalogo\/porque-guster-2-instrumentos-painel\/","og_site_name":"Guster - Cat\u00e1logo","article_modified_time":"2026-03-18T18:50:50+00:00","twitter_card":"summary_large_image","twitter_misc":{"Est. tempo de leitura":"3 minutos"},"schema":{"@context":"https:\/\/schema.org","@graph":[{"@type":"WebPage","@id":"https:\/\/guster.com.br\/catalogo\/porque-guster-2-instrumentos-painel\/","url":"https:\/\/guster.com.br\/catalogo\/porque-guster-2-instrumentos-painel\/","name":"instrumentos painel - Guster - Cat\u00e1logo","isPartOf":{"@id":"https:\/\/guster.com.br\/catalogo\/#website"},"datePublished":"2020-07-10T18:58:40+00:00","dateModified":"2026-03-18T18:50:50+00:00","description":"Instrumentos painel automotivo. Indicador digital RPM. Instrumento 110mm. Relogio painel automotivo. Fabricante. Velocimetro com GPS.","breadcrumb":{"@id":"https:\/\/guster.com.br\/catalogo\/porque-guster-2-instrumentos-painel\/#breadcrumb"},"inLanguage":"pt-BR","potentialAction":[{"@type":"ReadAction","target":["https:\/\/guster.com.br\/catalogo\/porque-guster-2-instrumentos-painel\/"]}]},{"@type":"BreadcrumbList","@id":"https:\/\/guster.com.br\/catalogo\/porque-guster-2-instrumentos-painel\/#breadcrumb","itemListElement":[{"@type":"ListItem","position":1,"name":"In\u00edcio","item":"https:\/\/guster.com.br\/catalogo\/"},{"@type":"ListItem","position":2,"name":"Diferenciais Guster"}]},{"@type":"WebSite","@id":"https:\/\/guster.com.br\/catalogo\/#website","url":"https:\/\/guster.com.br\/catalogo\/","name":"Guster - Cat\u00e1logo","description":"A Guster \u00e9 uma empresa brasileira a 18 anos no mercado com tecnologia pr\u00f3pria no desenvolvimento e fabrica\u00e7\u00e3o de instrumentos digitais industriais, automotivos, n\u00e1uticos e aeron\u00e1uticos.","publisher":{"@id":"https:\/\/guster.com.br\/catalogo\/#organization"},"potentialAction":[{"@type":"SearchAction","target":{"@type":"EntryPoint","urlTemplate":"https:\/\/guster.com.br\/catalogo\/?s={search_term_string}"},"query-input":{"@type":"PropertyValueSpecification","valueRequired":true,"valueName":"search_term_string"}}],"inLanguage":"pt-BR"},{"@type":"Organization","@id":"https:\/\/guster.com.br\/catalogo\/#organization","name":"Guster Instrumentos Digitais","url":"https:\/\/guster.com.br\/catalogo\/","logo":{"@type":"ImageObject","inLanguage":"pt-BR","@id":"https:\/\/guster.com.br\/catalogo\/#\/schema\/logo\/image\/","url":"https:\/\/www.guster.com.br\/wp-content\/uploads\/2022\/02\/GUSTER2020.png","contentUrl":"https:\/\/www.guster.com.br\/wp-content\/uploads\/2022\/02\/GUSTER2020.png","width":150,"height":35,"caption":"Guster Instrumentos Digitais"},"image":{"@id":"https:\/\/guster.com.br\/catalogo\/#\/schema\/logo\/image\/"}}]}},"_links":{"self":[{"href":"https:\/\/guster.com.br\/catalogo\/wp-json\/wp\/v2\/pages\/4742","targetHints":{"allow":["GET"]}}],"collection":[{"href":"https:\/\/guster.com.br\/catalogo\/wp-json\/wp\/v2\/pages"}],"about":[{"href":"https:\/\/guster.com.br\/catalogo\/wp-json\/wp\/v2\/types\/page"}],"author":[{"embeddable":true,"href":"https:\/\/guster.com.br\/catalogo\/wp-json\/wp\/v2\/users\/1"}],"replies":[{"embeddable":true,"href":"https:\/\/guster.com.br\/catalogo\/wp-json\/wp\/v2\/comments?post=4742"}],"version-history":[{"count":0,"href":"https:\/\/guster.com.br\/catalogo\/wp-json\/wp\/v2\/pages\/4742\/revisions"}],"wp:attachment":[{"href":"https:\/\/guster.com.br\/catalogo\/wp-json\/wp\/v2\/media?parent=4742"}],"curies":[{"name":"wp","href":"https:\/\/api.w.org\/{rel}","templated":true}]}}