{"id":5251,"date":"2021-09-23T15:29:02","date_gmt":"2021-09-23T18:29:02","guid":{"rendered":"https:\/\/www.guster.com.br\/?page_id=5251"},"modified":"2026-03-11T08:20:45","modified_gmt":"2026-03-11T11:20:45","slug":"industria-medidor-rpm","status":"publish","type":"page","link":"https:\/\/guster.com.br\/catalogo\/industria-medidor-rpm\/","title":{"rendered":"Ind\u00fastria"},"content":{"rendered":"<p>Fabricamos intensa variedade de instrumentos e acess\u00f3rios para in\u00fameras aplica\u00e7\u00f5es e estilos de apresenta\u00e7\u00e3o visual. Aplica\u00e7\u00f5es n\u00e3o s\u00e3o apenas em veiculos, automoveis.<\/p>\n<p>Veja VIDEO sobre instrumentos Guster para a industria no: Youtube,<a href=\"https:\/\/www.youtube.com\/watch?v=XUF177s2p1I\" target=\"_blank\" rel=\"noreferrer noopener\">\u00a0<strong>clique aqui<\/strong><\/a>, ou no Instagram,<strong><a href=\"https:\/\/www.instagram.com\/p\/DKewzXbqXSM\/\" target=\"_blank\" rel=\"noreferrer noopener\">\u00a0clique aqui<\/a><\/strong>.<\/p>\n<p style=\"text-align: left;\">Temos instrumenta\u00e7\u00e3o digital diversificada: fun\u00e7\u00f5es, formatos, cores, multifuncionais para atender in\u00fameras necessidades industriais.<\/p>\n<p>Nossos instrumentos s\u00e3o microcontrolados com sensores precisos diferenciados, projetados e fabricados exclusivamente, que permitem varia\u00e7\u00f5es buscando solu\u00e7\u00f5es espec\u00edficas para suas necessidades. O que reduz tempo em seus projetos internos, com significativa redu\u00e7\u00e3o de custos, agregando valor.<\/p>\n<p>Para seus produtos que tenham necessidade de instrumenta\u00e7\u00e3o e controle embarcados precisos, r\u00e1pidos, confi\u00e1veis, com recursos inovadores e inteligentes: mem\u00f3ria, sa\u00edda para atuador externo, diesel, alarmes visuais e sonoros, ciclos de m\u00e1ximos e m\u00ednimos, comunica\u00e7\u00e3o serial RS232, RS485, etc.<\/p>\n<p>Poss\u00edvel implementa\u00e7\u00e3o para realizar ciclo, mantendo entre m\u00ednimo e m\u00e1xima program\u00e1vel pelo usu\u00e1rio, atrav\u00e9s do Atuador Externo. Consulte-nos.<\/p>\n<p>N\u00e3o cont\u00e9m pe\u00e7as mec\u00e2nicas sujeitas a desgastes, manuten\u00e7\u00f5es, aferi\u00e7\u00f5es peri\u00f3dicas.<\/p>\n<p>Modelos de velocimetros precisos para velocidades muito baixas (Ex: colheitadeiras de gr\u00e3os, equipamentos maquinas industriais, etc) at\u00e9 cerca de 4 KM\/h, para baixas velocidades (EX: empilhadeiras, rebocadores, etc) at\u00e9 cerca de 80 KM\/h e para altas velocidades at\u00e9 500 KM\/h.<\/p>\n<p>Instrumentos combinados, multifuncionais e pain\u00e9is completos agrupando fun\u00e7\u00f5es otimizando espa\u00e7o e custo. Inovadores, bonito visual e com excelente acabamento.<\/p>\n<p>Alternativas de sensores que possibilitam o uso dos instrumentos em diversas aplica\u00e7\u00f5es e que facilitam instala\u00e7\u00f5es.<\/p>\n<p>Modelos, pre\u00e7os e condi\u00e7\u00f5es diferenciadas para a ind\u00fastria.<\/p>\n<p>Grau de prote\u00e7\u00e3o IP64 (Linha Standard).<\/p>\n\n\n<p>Veja linha completa de produtos e detalhes no cat\u00e1logo (<a href=\"https:\/\/guster.com.br\/catalogo\" target=\"_blank\" rel=\"noreferrer noopener\">guster.com.br\/catalogo<\/a>). Ou,<\/p>\n\n\n\n<p>Entre em contato conosco e apresente sua necessidade. Ficaremos satisfeitos em ajudar.<\/p>\n\n\n\n<p>Atendimento: de Segunda a Sexta &#8211; Feira, das 08:00 at\u00e9 as 12:00 e das 13:00 at\u00e9 as 17:45.<\/p>\n\n\n\n<p>WhatsApp Guster: (41) 9 9531 9924,&nbsp;<strong><a href=\"https:\/\/contate.me\/gustercomercio\" target=\"_blank\" rel=\"noreferrer noopener\">(clique aqui)<\/a><\/strong>&nbsp;.<\/p>\n\n\n\n<p>Telefone : (41) 3014 3536<\/p>\n\n\n\n<p>E-mail: <a href=\"https:\/\/loja.guster.com.br\/\" target=\"_blank\" rel=\"noreferrer noopener\"><strong><a href=\"mailto:vendas@guster.com.br\">vendas@guster.com.br<\/a><\/strong><\/a><\/p>\n\n\n<p>.<\/p>\n\n\n<p>Acesso a loja virtual, <a href=\"https:\/\/guster.com.br\/\" target=\"_blank\" rel=\"noreferrer noopener\">clique aqui<\/a>&nbsp;. Para mais informa\u00e7\u00f5es em Fale Conosco,&nbsp;<a href=\"https:\/\/guster.com.br\/catalogo\/fale-conosco\/\" target=\"_blank\" rel=\"noreferrer noopener\">clique aqui<\/a>.<\/p>\n","protected":false},"excerpt":{"rendered":"<p>Fabricamos intensa variedade de instrumentos e acess\u00f3rios para in\u00fameras aplica\u00e7\u00f5es e estilos de apresenta\u00e7\u00e3o visual. Aplica\u00e7\u00f5es n\u00e3o s\u00e3o apenas em veiculos, automoveis. Veja VIDEO sobre instrumentos Guster para a industria no: Youtube,\u00a0clique aqui, ou no Instagram,\u00a0clique aqui. Temos instrumenta\u00e7\u00e3o digital diversificada: fun\u00e7\u00f5es, formatos, cores, multifuncionais para atender in\u00fameras necessidades industriais. Nossos instrumentos s\u00e3o microcontrolados com <a href='https:\/\/guster.com.br\/catalogo\/industria-medidor-rpm\/' class='excerpt-more'>[&#8230;]<\/a><\/p>\n","protected":false},"author":1,"featured_media":0,"parent":0,"menu_order":0,"comment_status":"closed","ping_status":"open","template":"","meta":{"footnotes":""},"class_list":["post-5251","page","type-page","status-publish","hentry","post-seq-1","post-parity-odd","meta-position-line-bottom","fix"],"yoast_head":"<!-- This site is optimized with the Yoast SEO plugin v24.3 - https:\/\/yoast.com\/wordpress\/plugins\/seo\/ -->\n<title>medidor RPM - Guster - Cat\u00e1logo<\/title>\n<meta name=\"description\" content=\"Medidor RPM. Instrumento painel. Instrumento 52mm 85mm 100mm 110mm 140mm e outros. Fabricante. Eletronico. Digital. Velocimetro com GPS.\" \/>\n<meta name=\"robots\" content=\"index, follow, max-snippet:-1, max-image-preview:large, max-video-preview:-1\" \/>\n<link rel=\"canonical\" href=\"https:\/\/guster.com.br\/catalogo\/industria-medidor-rpm\/\" \/>\n<meta property=\"og:locale\" content=\"pt_BR\" \/>\n<meta property=\"og:type\" content=\"article\" \/>\n<meta property=\"og:title\" content=\"medidor RPM - Guster - Cat\u00e1logo\" \/>\n<meta property=\"og:description\" content=\"Medidor RPM. Instrumento painel. Instrumento 52mm 85mm 100mm 110mm 140mm e outros. Fabricante. Eletronico. Digital. Velocimetro com GPS.\" \/>\n<meta property=\"og:url\" content=\"https:\/\/guster.com.br\/catalogo\/industria-medidor-rpm\/\" \/>\n<meta property=\"og:site_name\" content=\"Guster - Cat\u00e1logo\" \/>\n<meta property=\"article:modified_time\" content=\"2026-03-11T11:20:45+00:00\" \/>\n<meta name=\"twitter:card\" content=\"summary_large_image\" \/>\n<meta name=\"twitter:label1\" content=\"Est. tempo de leitura\" \/>\n\t<meta name=\"twitter:data1\" content=\"1 minuto\" \/>\n<script type=\"application\/ld+json\" class=\"yoast-schema-graph\">{\"@context\":\"https:\/\/schema.org\",\"@graph\":[{\"@type\":\"WebPage\",\"@id\":\"https:\/\/guster.com.br\/catalogo\/industria-medidor-rpm\/\",\"url\":\"https:\/\/guster.com.br\/catalogo\/industria-medidor-rpm\/\",\"name\":\"medidor RPM - Guster - Cat\u00e1logo\",\"isPartOf\":{\"@id\":\"https:\/\/guster.com.br\/catalogo\/#website\"},\"datePublished\":\"2021-09-23T18:29:02+00:00\",\"dateModified\":\"2026-03-11T11:20:45+00:00\",\"description\":\"Medidor RPM. Instrumento painel. Instrumento 52mm 85mm 100mm 110mm 140mm e outros. Fabricante. Eletronico. Digital. Velocimetro com GPS.\",\"breadcrumb\":{\"@id\":\"https:\/\/guster.com.br\/catalogo\/industria-medidor-rpm\/#breadcrumb\"},\"inLanguage\":\"pt-BR\",\"potentialAction\":[{\"@type\":\"ReadAction\",\"target\":[\"https:\/\/guster.com.br\/catalogo\/industria-medidor-rpm\/\"]}]},{\"@type\":\"BreadcrumbList\",\"@id\":\"https:\/\/guster.com.br\/catalogo\/industria-medidor-rpm\/#breadcrumb\",\"itemListElement\":[{\"@type\":\"ListItem\",\"position\":1,\"name\":\"In\u00edcio\",\"item\":\"https:\/\/guster.com.br\/catalogo\/\"},{\"@type\":\"ListItem\",\"position\":2,\"name\":\"Ind\u00fastria\"}]},{\"@type\":\"WebSite\",\"@id\":\"https:\/\/guster.com.br\/catalogo\/#website\",\"url\":\"https:\/\/guster.com.br\/catalogo\/\",\"name\":\"Guster - Cat\u00e1logo\",\"description\":\"A Guster \u00e9 uma empresa brasileira a 18 anos no mercado com tecnologia pr\u00f3pria no desenvolvimento e fabrica\u00e7\u00e3o de instrumentos digitais industriais, automotivos, n\u00e1uticos e aeron\u00e1uticos.\",\"publisher\":{\"@id\":\"https:\/\/guster.com.br\/catalogo\/#organization\"},\"potentialAction\":[{\"@type\":\"SearchAction\",\"target\":{\"@type\":\"EntryPoint\",\"urlTemplate\":\"https:\/\/guster.com.br\/catalogo\/?s={search_term_string}\"},\"query-input\":{\"@type\":\"PropertyValueSpecification\",\"valueRequired\":true,\"valueName\":\"search_term_string\"}}],\"inLanguage\":\"pt-BR\"},{\"@type\":\"Organization\",\"@id\":\"https:\/\/guster.com.br\/catalogo\/#organization\",\"name\":\"Guster Instrumentos Digitais\",\"url\":\"https:\/\/guster.com.br\/catalogo\/\",\"logo\":{\"@type\":\"ImageObject\",\"inLanguage\":\"pt-BR\",\"@id\":\"https:\/\/guster.com.br\/catalogo\/#\/schema\/logo\/image\/\",\"url\":\"https:\/\/www.guster.com.br\/wp-content\/uploads\/2022\/02\/GUSTER2020.png\",\"contentUrl\":\"https:\/\/www.guster.com.br\/wp-content\/uploads\/2022\/02\/GUSTER2020.png\",\"width\":150,\"height\":35,\"caption\":\"Guster Instrumentos Digitais\"},\"image\":{\"@id\":\"https:\/\/guster.com.br\/catalogo\/#\/schema\/logo\/image\/\"}}]}<\/script>\n<!-- \/ Yoast SEO plugin. -->","yoast_head_json":{"title":"medidor RPM - Guster - Cat\u00e1logo","description":"Medidor RPM. Instrumento painel. Instrumento 52mm 85mm 100mm 110mm 140mm e outros. Fabricante. Eletronico. Digital. Velocimetro com GPS.","robots":{"index":"index","follow":"follow","max-snippet":"max-snippet:-1","max-image-preview":"max-image-preview:large","max-video-preview":"max-video-preview:-1"},"canonical":"https:\/\/guster.com.br\/catalogo\/industria-medidor-rpm\/","og_locale":"pt_BR","og_type":"article","og_title":"medidor RPM - Guster - Cat\u00e1logo","og_description":"Medidor RPM. Instrumento painel. Instrumento 52mm 85mm 100mm 110mm 140mm e outros. Fabricante. Eletronico. Digital. Velocimetro com GPS.","og_url":"https:\/\/guster.com.br\/catalogo\/industria-medidor-rpm\/","og_site_name":"Guster - Cat\u00e1logo","article_modified_time":"2026-03-11T11:20:45+00:00","twitter_card":"summary_large_image","twitter_misc":{"Est. tempo de leitura":"1 minuto"},"schema":{"@context":"https:\/\/schema.org","@graph":[{"@type":"WebPage","@id":"https:\/\/guster.com.br\/catalogo\/industria-medidor-rpm\/","url":"https:\/\/guster.com.br\/catalogo\/industria-medidor-rpm\/","name":"medidor RPM - Guster - Cat\u00e1logo","isPartOf":{"@id":"https:\/\/guster.com.br\/catalogo\/#website"},"datePublished":"2021-09-23T18:29:02+00:00","dateModified":"2026-03-11T11:20:45+00:00","description":"Medidor RPM. Instrumento painel. Instrumento 52mm 85mm 100mm 110mm 140mm e outros. Fabricante. Eletronico. Digital. Velocimetro com GPS.","breadcrumb":{"@id":"https:\/\/guster.com.br\/catalogo\/industria-medidor-rpm\/#breadcrumb"},"inLanguage":"pt-BR","potentialAction":[{"@type":"ReadAction","target":["https:\/\/guster.com.br\/catalogo\/industria-medidor-rpm\/"]}]},{"@type":"BreadcrumbList","@id":"https:\/\/guster.com.br\/catalogo\/industria-medidor-rpm\/#breadcrumb","itemListElement":[{"@type":"ListItem","position":1,"name":"In\u00edcio","item":"https:\/\/guster.com.br\/catalogo\/"},{"@type":"ListItem","position":2,"name":"Ind\u00fastria"}]},{"@type":"WebSite","@id":"https:\/\/guster.com.br\/catalogo\/#website","url":"https:\/\/guster.com.br\/catalogo\/","name":"Guster - Cat\u00e1logo","description":"A Guster \u00e9 uma empresa brasileira a 18 anos no mercado com tecnologia pr\u00f3pria no desenvolvimento e fabrica\u00e7\u00e3o de instrumentos digitais industriais, automotivos, n\u00e1uticos e aeron\u00e1uticos.","publisher":{"@id":"https:\/\/guster.com.br\/catalogo\/#organization"},"potentialAction":[{"@type":"SearchAction","target":{"@type":"EntryPoint","urlTemplate":"https:\/\/guster.com.br\/catalogo\/?s={search_term_string}"},"query-input":{"@type":"PropertyValueSpecification","valueRequired":true,"valueName":"search_term_string"}}],"inLanguage":"pt-BR"},{"@type":"Organization","@id":"https:\/\/guster.com.br\/catalogo\/#organization","name":"Guster Instrumentos Digitais","url":"https:\/\/guster.com.br\/catalogo\/","logo":{"@type":"ImageObject","inLanguage":"pt-BR","@id":"https:\/\/guster.com.br\/catalogo\/#\/schema\/logo\/image\/","url":"https:\/\/www.guster.com.br\/wp-content\/uploads\/2022\/02\/GUSTER2020.png","contentUrl":"https:\/\/www.guster.com.br\/wp-content\/uploads\/2022\/02\/GUSTER2020.png","width":150,"height":35,"caption":"Guster Instrumentos Digitais"},"image":{"@id":"https:\/\/guster.com.br\/catalogo\/#\/schema\/logo\/image\/"}}]}},"_links":{"self":[{"href":"https:\/\/guster.com.br\/catalogo\/wp-json\/wp\/v2\/pages\/5251","targetHints":{"allow":["GET"]}}],"collection":[{"href":"https:\/\/guster.com.br\/catalogo\/wp-json\/wp\/v2\/pages"}],"about":[{"href":"https:\/\/guster.com.br\/catalogo\/wp-json\/wp\/v2\/types\/page"}],"author":[{"embeddable":true,"href":"https:\/\/guster.com.br\/catalogo\/wp-json\/wp\/v2\/users\/1"}],"replies":[{"embeddable":true,"href":"https:\/\/guster.com.br\/catalogo\/wp-json\/wp\/v2\/comments?post=5251"}],"version-history":[{"count":0,"href":"https:\/\/guster.com.br\/catalogo\/wp-json\/wp\/v2\/pages\/5251\/revisions"}],"wp:attachment":[{"href":"https:\/\/guster.com.br\/catalogo\/wp-json\/wp\/v2\/media?parent=5251"}],"curies":[{"name":"wp","href":"https:\/\/api.w.org\/{rel}","templated":true}]}}